{"id":11,"date":"2023-03-21T12:00:54","date_gmt":"2023-03-21T12:00:54","guid":{"rendered":"https:\/\/ivonpescaderia.com\/?page_id=11"},"modified":"2023-03-22T17:54:02","modified_gmt":"2023-03-22T17:54:02","slug":"inicio","status":"publish","type":"page","link":"https:\/\/ivonpescaderia.com\/","title":{"rendered":"Inicio"},"content":{"rendered":"\t\t<div data-elementor-type=\"wp-page\" data-elementor-id=\"11\" class=\"elementor elementor-11\" data-elementor-post-type=\"page\">\n\t\t\t\t\t\t<section class=\"elementor-section elementor-top-section elementor-element elementor-element-ec5c972 elementor-section-height-min-height elementor-section-boxed elementor-section-height-default elementor-section-items-middle\" data-id=\"ec5c972\" data-element_type=\"section\" data-e-type=\"section\" data-settings=\"{&quot;background_background&quot;:&quot;slideshow&quot;,&quot;background_slideshow_gallery&quot;:[{&quot;id&quot;:51,&quot;url&quot;:&quot;https:\\\/\\\/ivonpescaderia.com\\\/wp-content\\\/uploads\\\/2023\\\/03\\\/Entrada-1.jpg&quot;},{&quot;id&quot;:52,&quot;url&quot;:&quot;https:\\\/\\\/ivonpescaderia.com\\\/wp-content\\\/uploads\\\/2023\\\/03\\\/Entrada-2.jpg&quot;},{&quot;id&quot;:53,&quot;url&quot;:&quot;https:\\\/\\\/ivonpescaderia.com\\\/wp-content\\\/uploads\\\/2023\\\/03\\\/Entrada-3.jpg&quot;}],&quot;background_slideshow_slide_duration&quot;:2000,&quot;background_slideshow_ken_burns&quot;:&quot;yes&quot;,&quot;background_slideshow_loop&quot;:&quot;yes&quot;,&quot;background_slideshow_slide_transition&quot;:&quot;fade&quot;,&quot;background_slideshow_transition_duration&quot;:500,&quot;background_slideshow_ken_burns_zoom_direction&quot;:&quot;in&quot;}\">\n\t\t\t\t\t\t<div class=\"elementor-container elementor-column-gap-default\">\n\t\t\t\t\t<div class=\"elementor-column elementor-col-100 elementor-top-column elementor-element elementor-element-5df9992\" data-id=\"5df9992\" data-element_type=\"column\" data-e-type=\"column\">\n\t\t\t<div class=\"elementor-widget-wrap elementor-element-populated\">\n\t\t\t\t\t\t<div class=\"elementor-element elementor-element-aa79f52 elementor-widget elementor-widget-heading\" data-id=\"aa79f52\" data-element_type=\"widget\" data-e-type=\"widget\" data-widget_type=\"heading.default\">\n\t\t\t\t<div class=\"elementor-widget-container\">\n\t\t\t\t\t<h4 class=\"elementor-heading-title elementor-size-default\">Ivon<br \/>\nLa pescadera de tu barrio<\/h4>\t\t\t\t<\/div>\n\t\t\t\t<\/div>\n\t\t\t\t\t<\/div>\n\t\t<\/div>\n\t\t\t\t\t<\/div>\n\t\t<\/section>\n\t\t\t\t<section class=\"elementor-section elementor-top-section elementor-element elementor-element-e251ec3 elementor-reverse-mobile elementor-section-boxed elementor-section-height-default elementor-section-height-default\" data-id=\"e251ec3\" data-element_type=\"section\" data-e-type=\"section\">\n\t\t\t\t\t\t<div class=\"elementor-container elementor-column-gap-default\">\n\t\t\t\t\t<div class=\"elementor-column elementor-col-33 elementor-top-column elementor-element elementor-element-9c35404\" data-id=\"9c35404\" data-element_type=\"column\" data-e-type=\"column\">\n\t\t\t<div class=\"elementor-widget-wrap elementor-element-populated\">\n\t\t\t\t\t\t<div class=\"elementor-element elementor-element-d53d4c0 elementor-widget elementor-widget-image\" data-id=\"d53d4c0\" data-element_type=\"widget\" data-e-type=\"widget\" data-widget_type=\"image.default\">\n\t\t\t\t<div class=\"elementor-widget-container\">\n\t\t\t\t\t\t\t\t\t\t\t\t\t\t\t<img fetchpriority=\"high\" decoding=\"async\" width=\"800\" height=\"660\" src=\"https:\/\/ivonpescaderia.com\/wp-content\/uploads\/2023\/03\/Tienda-fachada-1024x845.png\" class=\"attachment-large size-large wp-image-57\" alt=\"Pescader\u00eda Ivon La tienda del bacalao San Juan Pamplona\" srcset=\"https:\/\/ivonpescaderia.com\/wp-content\/uploads\/2023\/03\/Tienda-fachada-1024x845.png 1024w, https:\/\/ivonpescaderia.com\/wp-content\/uploads\/2023\/03\/Tienda-fachada-300x247.png 300w, https:\/\/ivonpescaderia.com\/wp-content\/uploads\/2023\/03\/Tienda-fachada-768x633.png 768w, https:\/\/ivonpescaderia.com\/wp-content\/uploads\/2023\/03\/Tienda-fachada-1536x1267.png 1536w, https:\/\/ivonpescaderia.com\/wp-content\/uploads\/2023\/03\/Tienda-fachada.png 1626w\" sizes=\"(max-width: 800px) 100vw, 800px\" \/>\t\t\t\t\t\t\t\t\t\t\t\t\t\t\t<\/div>\n\t\t\t\t<\/div>\n\t\t\t\t\t<\/div>\n\t\t<\/div>\n\t\t\t\t<div class=\"elementor-column elementor-col-66 elementor-top-column elementor-element elementor-element-17a7117\" data-id=\"17a7117\" data-element_type=\"column\" data-e-type=\"column\">\n\t\t\t<div class=\"elementor-widget-wrap elementor-element-populated\">\n\t\t\t\t\t\t<div class=\"elementor-element elementor-element-27cabaf elementor-widget elementor-widget-heading\" data-id=\"27cabaf\" data-element_type=\"widget\" data-e-type=\"widget\" data-widget_type=\"heading.default\">\n\t\t\t\t<div class=\"elementor-widget-container\">\n\t\t\t\t\t<h2 class=\"elementor-heading-title elementor-size-default\">PESCADO FRESCO Y BACALAO SAMPER<\/h2>\t\t\t\t<\/div>\n\t\t\t\t<\/div>\n\t\t\t\t<div class=\"elementor-element elementor-element-81966f3 elementor-widget elementor-widget-text-editor\" data-id=\"81966f3\" data-element_type=\"widget\" data-e-type=\"widget\" data-widget_type=\"text-editor.default\">\n\t\t\t\t<div class=\"elementor-widget-container\">\n\t\t\t\t\t\t\t\t\t<p class=\"p1\"><span class=\"s1\"><strong>Bacalao Samper<\/strong> selecciona la mejor materia prima de origen y controla todos los procesos: De fr\u00edo, secado, desalado y distribuci\u00f3n. En este mundo tan cambiante y<span class=\"Apple-converted-space\">\u00a0 <\/span>globalizado la tradici\u00f3n e innovaci\u00f3n tienen que ir de la mano para atender las exigencias del mercado. Me un\u00ed a esta empresa local para ofrecer en mi pescader\u00eda un bacalao de excelencia.<\/span><\/p>\t\t\t\t\t\t\t\t<\/div>\n\t\t\t\t<\/div>\n\t\t\t\t<div class=\"elementor-element elementor-element-ca22f78 elementor-widget elementor-widget-button\" data-id=\"ca22f78\" data-element_type=\"widget\" data-e-type=\"widget\" data-widget_type=\"button.default\">\n\t\t\t\t<div class=\"elementor-widget-container\">\n\t\t\t\t\t\t\t\t\t<div class=\"elementor-button-wrapper\">\n\t\t\t\t\t<a class=\"elementor-button elementor-button-link elementor-size-sm\" href=\"https:\/\/ivonpescaderia.com\/ivon-pescaderia-en-san-juan-pamplona\/\">\n\t\t\t\t\t\t<span class=\"elementor-button-content-wrapper\">\n\t\t\t\t\t\t\t\t\t<span class=\"elementor-button-text\">Ivon<\/span>\n\t\t\t\t\t<\/span>\n\t\t\t\t\t<\/a>\n\t\t\t\t<\/div>\n\t\t\t\t\t\t\t\t<\/div>\n\t\t\t\t<\/div>\n\t\t\t\t\t<\/div>\n\t\t<\/div>\n\t\t\t\t\t<\/div>\n\t\t<\/section>\n\t\t\t\t<section class=\"elementor-section elementor-top-section elementor-element elementor-element-a8fef5d elementor-section-boxed elementor-section-height-default elementor-section-height-default\" data-id=\"a8fef5d\" data-element_type=\"section\" data-e-type=\"section\" data-settings=\"{&quot;background_background&quot;:&quot;classic&quot;}\">\n\t\t\t\t\t\t<div class=\"elementor-container elementor-column-gap-default\">\n\t\t\t\t\t<div class=\"elementor-column elementor-col-66 elementor-top-column elementor-element elementor-element-b061aba\" data-id=\"b061aba\" data-element_type=\"column\" data-e-type=\"column\">\n\t\t\t<div class=\"elementor-widget-wrap elementor-element-populated\">\n\t\t\t\t\t\t<div class=\"elementor-element elementor-element-99802da elementor-widget elementor-widget-heading\" data-id=\"99802da\" data-element_type=\"widget\" data-e-type=\"widget\" data-widget_type=\"heading.default\">\n\t\t\t\t<div class=\"elementor-widget-container\">\n\t\t\t\t\t<h2 class=\"elementor-heading-title elementor-size-default\">HAZ TU PEDIDO O ENCARGO<\/h2>\t\t\t\t<\/div>\n\t\t\t\t<\/div>\n\t\t\t\t<div class=\"elementor-element elementor-element-2bed7c7 elementor-widget elementor-widget-text-editor\" data-id=\"2bed7c7\" data-element_type=\"widget\" data-e-type=\"widget\" data-widget_type=\"text-editor.default\">\n\t\t\t\t<div class=\"elementor-widget-container\">\n\t\t\t\t\t\t\t\t\t<p class=\"p1\"><strong>Para hacer tu pedido puedes hacerlo de varias maneras:<\/strong><\/p>\t\t\t\t\t\t\t\t<\/div>\n\t\t\t\t<\/div>\n\t\t\t\t<div class=\"elementor-element elementor-element-3663392 elementor-position-left elementor-vertical-align-top elementor-widget elementor-widget-image-box\" data-id=\"3663392\" data-element_type=\"widget\" data-e-type=\"widget\" data-widget_type=\"image-box.default\">\n\t\t\t\t<div class=\"elementor-widget-container\">\n\t\t\t\t\t<div class=\"elementor-image-box-wrapper\"><figure class=\"elementor-image-box-img\"><img decoding=\"async\" width=\"74\" height=\"137\" src=\"https:\/\/ivonpescaderia.com\/wp-content\/uploads\/2023\/03\/movil.png\" class=\"attachment-full size-full wp-image-83\" alt=\"M\u00f3vil\" \/><\/figure><div class=\"elementor-image-box-content\"><h3 class=\"elementor-image-box-title\">Me llamas por tele\u0301fono y te organizo tu pedido y la hora de recogida<br \/><b>Tele\u0301fono 948 255 291<\/b><br \/><b>Mo\u0301vil 607 010 097<\/b><\/h3><\/div><\/div>\t\t\t\t<\/div>\n\t\t\t\t<\/div>\n\t\t\t\t<div class=\"elementor-element elementor-element-de6d9e5 elementor-position-left elementor-vertical-align-top elementor-widget elementor-widget-image-box\" data-id=\"de6d9e5\" data-element_type=\"widget\" data-e-type=\"widget\" data-widget_type=\"image-box.default\">\n\t\t\t\t<div class=\"elementor-widget-container\">\n\t\t\t\t\t<div class=\"elementor-image-box-wrapper\"><figure class=\"elementor-image-box-img\"><img decoding=\"async\" width=\"111\" height=\"111\" src=\"https:\/\/ivonpescaderia.com\/wp-content\/uploads\/2023\/03\/whatsapp.png\" class=\"attachment-full size-full wp-image-84\" alt=\"whatsapp\" \/><\/figure><div class=\"elementor-image-box-content\"><h3 class=\"elementor-image-box-title\">Me pones un Whatsapp con lo que necesitas y me pones tu nombre y a la hora que lo quieres recoger<br \/><b>M\u00f3vil 607 010 097<\/b><\/h3><\/div><\/div>\t\t\t\t<\/div>\n\t\t\t\t<\/div>\n\t\t\t\t\t<\/div>\n\t\t<\/div>\n\t\t\t\t<div class=\"elementor-column elementor-col-33 elementor-top-column elementor-element elementor-element-7517cdb\" data-id=\"7517cdb\" data-element_type=\"column\" data-e-type=\"column\">\n\t\t\t<div class=\"elementor-widget-wrap elementor-element-populated\">\n\t\t\t\t\t\t<div class=\"elementor-element elementor-element-25ed207 elementor-widget elementor-widget-image\" data-id=\"25ed207\" data-element_type=\"widget\" data-e-type=\"widget\" data-widget_type=\"image.default\">\n\t\t\t\t<div class=\"elementor-widget-container\">\n\t\t\t\t\t\t\t\t\t\t\t\t\t\t\t<img loading=\"lazy\" decoding=\"async\" width=\"350\" height=\"338\" src=\"https:\/\/ivonpescaderia.com\/wp-content\/uploads\/2023\/03\/Pedido.png\" class=\"attachment-large size-large wp-image-65\" alt=\"Pedido por encargo\" srcset=\"https:\/\/ivonpescaderia.com\/wp-content\/uploads\/2023\/03\/Pedido.png 350w, https:\/\/ivonpescaderia.com\/wp-content\/uploads\/2023\/03\/Pedido-300x290.png 300w\" sizes=\"(max-width: 350px) 100vw, 350px\" \/>\t\t\t\t\t\t\t\t\t\t\t\t\t\t\t<\/div>\n\t\t\t\t<\/div>\n\t\t\t\t\t<\/div>\n\t\t<\/div>\n\t\t\t\t\t<\/div>\n\t\t<\/section>\n\t\t\t\t<section class=\"elementor-section elementor-top-section elementor-element elementor-element-f8bb80b elementor-section-boxed elementor-section-height-default elementor-section-height-default\" data-id=\"f8bb80b\" data-element_type=\"section\" data-e-type=\"section\" data-settings=\"{&quot;background_background&quot;:&quot;classic&quot;}\">\n\t\t\t\t\t\t<div class=\"elementor-container elementor-column-gap-default\">\n\t\t\t\t\t<div class=\"elementor-column elementor-col-33 elementor-top-column elementor-element elementor-element-fdc8402\" data-id=\"fdc8402\" data-element_type=\"column\" data-e-type=\"column\" data-settings=\"{&quot;background_background&quot;:&quot;classic&quot;}\">\n\t\t\t<div class=\"elementor-widget-wrap elementor-element-populated\">\n\t\t\t\t\t\t<div class=\"elementor-element elementor-element-c630818 elementor-widget elementor-widget-image\" data-id=\"c630818\" data-element_type=\"widget\" data-e-type=\"widget\" data-widget_type=\"image.default\">\n\t\t\t\t<div class=\"elementor-widget-container\">\n\t\t\t\t\t\t\t\t\t\t\t\t\t\t\t<img loading=\"lazy\" decoding=\"async\" width=\"377\" height=\"377\" src=\"https:\/\/ivonpescaderia.com\/wp-content\/uploads\/2023\/03\/Recetas-plato.png\" class=\"attachment-large size-large wp-image-117\" alt=\"Recetas\" srcset=\"https:\/\/ivonpescaderia.com\/wp-content\/uploads\/2023\/03\/Recetas-plato.png 377w, https:\/\/ivonpescaderia.com\/wp-content\/uploads\/2023\/03\/Recetas-plato-300x300.png 300w, https:\/\/ivonpescaderia.com\/wp-content\/uploads\/2023\/03\/Recetas-plato-150x150.png 150w\" sizes=\"(max-width: 377px) 100vw, 377px\" \/>\t\t\t\t\t\t\t\t\t\t\t\t\t\t\t<\/div>\n\t\t\t\t<\/div>\n\t\t\t\t\t<\/div>\n\t\t<\/div>\n\t\t\t\t<div class=\"elementor-column elementor-col-66 elementor-top-column elementor-element elementor-element-ab26fe6\" data-id=\"ab26fe6\" data-element_type=\"column\" data-e-type=\"column\" data-settings=\"{&quot;background_background&quot;:&quot;classic&quot;}\">\n\t\t\t<div class=\"elementor-widget-wrap elementor-element-populated\">\n\t\t\t\t\t\t<div class=\"elementor-element elementor-element-c9d02e1 elementor-widget elementor-widget-heading\" data-id=\"c9d02e1\" data-element_type=\"widget\" data-e-type=\"widget\" data-widget_type=\"heading.default\">\n\t\t\t\t<div class=\"elementor-widget-container\">\n\t\t\t\t\t<h2 class=\"elementor-heading-title elementor-size-default\">RECETAS F\u00c1CILES Y RICAS<\/h2>\t\t\t\t<\/div>\n\t\t\t\t<\/div>\n\t\t\t\t<div class=\"elementor-element elementor-element-70e7dfd elementor-widget elementor-widget-text-editor\" data-id=\"70e7dfd\" data-element_type=\"widget\" data-e-type=\"widget\" data-widget_type=\"text-editor.default\">\n\t\t\t\t<div class=\"elementor-widget-container\">\n\t\t\t\t\t\t\t\t\t<p class=\"p1\"><span class=\"s1\">Platos sencillos de cocinar para salirte un poquico del d\u00eda a d\u00eda.<\/span><\/p>\t\t\t\t\t\t\t\t<\/div>\n\t\t\t\t<\/div>\n\t\t\t\t<div class=\"elementor-element elementor-element-8f0c75a elementor-widget elementor-widget-button\" data-id=\"8f0c75a\" data-element_type=\"widget\" data-e-type=\"widget\" data-widget_type=\"button.default\">\n\t\t\t\t<div class=\"elementor-widget-container\">\n\t\t\t\t\t\t\t\t\t<div class=\"elementor-button-wrapper\">\n\t\t\t\t\t<a class=\"elementor-button elementor-button-link elementor-size-sm\" href=\"https:\/\/ivonpescaderia.com\/receta-atun-a-la-plancha-con-ajo-y-perejil\/\">\n\t\t\t\t\t\t<span class=\"elementor-button-content-wrapper\">\n\t\t\t\t\t\t\t\t\t<span class=\"elementor-button-text\">Recetas<\/span>\n\t\t\t\t\t<\/span>\n\t\t\t\t\t<\/a>\n\t\t\t\t<\/div>\n\t\t\t\t\t\t\t\t<\/div>\n\t\t\t\t<\/div>\n\t\t\t\t\t<\/div>\n\t\t<\/div>\n\t\t\t\t\t<\/div>\n\t\t<\/section>\n\t\t\t\t<section class=\"elementor-section elementor-top-section elementor-element elementor-element-37d4f83 elementor-section-boxed elementor-section-height-default elementor-section-height-default\" data-id=\"37d4f83\" data-element_type=\"section\" data-e-type=\"section\" data-settings=\"{&quot;background_background&quot;:&quot;classic&quot;}\">\n\t\t\t\t\t\t<div class=\"elementor-container elementor-column-gap-default\">\n\t\t\t\t\t<div class=\"elementor-column elementor-col-66 elementor-top-column elementor-element elementor-element-486e7dd\" data-id=\"486e7dd\" data-element_type=\"column\" data-e-type=\"column\">\n\t\t\t<div class=\"elementor-widget-wrap elementor-element-populated\">\n\t\t\t\t\t\t<div class=\"elementor-element elementor-element-fc1d7d0 elementor-widget elementor-widget-heading\" data-id=\"fc1d7d0\" data-element_type=\"widget\" data-e-type=\"widget\" data-widget_type=\"heading.default\">\n\t\t\t\t<div class=\"elementor-widget-container\">\n\t\t\t\t\t<h2 class=\"elementor-heading-title elementor-size-default\">CONOCE ALGO M\u00c1S SOBRE EL PESCADO<\/h2>\t\t\t\t<\/div>\n\t\t\t\t<\/div>\n\t\t\t\t<div class=\"elementor-element elementor-element-c66e34e elementor-widget elementor-widget-text-editor\" data-id=\"c66e34e\" data-element_type=\"widget\" data-e-type=\"widget\" data-widget_type=\"text-editor.default\">\n\t\t\t\t<div class=\"elementor-widget-container\">\n\t\t\t\t\t\t\t\t\t<p class=\"p1\"><span class=\"s1\">Una sencilla gu\u00eda para elegir que pescado quieres comprar.<\/span><\/p>\t\t\t\t\t\t\t\t<\/div>\n\t\t\t\t<\/div>\n\t\t\t\t<div class=\"elementor-element elementor-element-2a68036 elementor-widget elementor-widget-button\" data-id=\"2a68036\" data-element_type=\"widget\" data-e-type=\"widget\" data-widget_type=\"button.default\">\n\t\t\t\t<div class=\"elementor-widget-container\">\n\t\t\t\t\t\t\t\t\t<div class=\"elementor-button-wrapper\">\n\t\t\t\t\t<a class=\"elementor-button elementor-button-link elementor-size-sm\" href=\"https:\/\/ivonpescaderia.com\/consejos-para-comprar-pescado-casa-del-bacalao-pamplona\/\">\n\t\t\t\t\t\t<span class=\"elementor-button-content-wrapper\">\n\t\t\t\t\t\t\t\t\t<span class=\"elementor-button-text\">Consejos<\/span>\n\t\t\t\t\t<\/span>\n\t\t\t\t\t<\/a>\n\t\t\t\t<\/div>\n\t\t\t\t\t\t\t\t<\/div>\n\t\t\t\t<\/div>\n\t\t\t\t\t<\/div>\n\t\t<\/div>\n\t\t\t\t<div class=\"elementor-column elementor-col-33 elementor-top-column elementor-element elementor-element-1d58853\" data-id=\"1d58853\" data-element_type=\"column\" data-e-type=\"column\">\n\t\t\t<div class=\"elementor-widget-wrap elementor-element-populated\">\n\t\t\t\t\t\t<div class=\"elementor-element elementor-element-73913c1 elementor-widget elementor-widget-image\" data-id=\"73913c1\" data-element_type=\"widget\" data-e-type=\"widget\" data-widget_type=\"image.default\">\n\t\t\t\t<div class=\"elementor-widget-container\">\n\t\t\t\t\t\t\t\t\t\t\t\t\t\t\t<img loading=\"lazy\" decoding=\"async\" width=\"800\" height=\"663\" src=\"https:\/\/ivonpescaderia.com\/wp-content\/uploads\/2023\/03\/Consejos-pez-1024x849.png\" class=\"attachment-large size-large wp-image-121\" alt=\"Consejos\" srcset=\"https:\/\/ivonpescaderia.com\/wp-content\/uploads\/2023\/03\/Consejos-pez-1024x849.png 1024w, https:\/\/ivonpescaderia.com\/wp-content\/uploads\/2023\/03\/Consejos-pez-300x249.png 300w, https:\/\/ivonpescaderia.com\/wp-content\/uploads\/2023\/03\/Consejos-pez-768x637.png 768w, https:\/\/ivonpescaderia.com\/wp-content\/uploads\/2023\/03\/Consejos-pez-1536x1274.png 1536w, https:\/\/ivonpescaderia.com\/wp-content\/uploads\/2023\/03\/Consejos-pez-2048x1698.png 2048w\" sizes=\"(max-width: 800px) 100vw, 800px\" \/>\t\t\t\t\t\t\t\t\t\t\t\t\t\t\t<\/div>\n\t\t\t\t<\/div>\n\t\t\t\t\t<\/div>\n\t\t<\/div>\n\t\t\t\t\t<\/div>\n\t\t<\/section>\n\t\t\t\t<\/div>\n\t\t","protected":false},"excerpt":{"rendered":"<p>Ivon La pescadera de tu barrio PESCADO FRESCO Y BACALAO SAMPER Bacalao Samper selecciona la mejor materia prima de origen y controla todos los procesos: De fr\u00edo, secado, desalado y distribuci\u00f3n. En este mundo tan cambiante y\u00a0 globalizado la tradici\u00f3n e innovaci\u00f3n tienen que ir de la mano para atender las exigencias del mercado. Me [&hellip;]<\/p>\n","protected":false},"author":1,"featured_media":0,"parent":0,"menu_order":0,"comment_status":"closed","ping_status":"closed","template":"","meta":{"footnotes":""},"class_list":["post-11","page","type-page","status-publish","hentry"],"_links":{"self":[{"href":"https:\/\/ivonpescaderia.com\/index.php?rest_route=\/wp\/v2\/pages\/11","targetHints":{"allow":["GET"]}}],"collection":[{"href":"https:\/\/ivonpescaderia.com\/index.php?rest_route=\/wp\/v2\/pages"}],"about":[{"href":"https:\/\/ivonpescaderia.com\/index.php?rest_route=\/wp\/v2\/types\/page"}],"author":[{"embeddable":true,"href":"https:\/\/ivonpescaderia.com\/index.php?rest_route=\/wp\/v2\/users\/1"}],"replies":[{"embeddable":true,"href":"https:\/\/ivonpescaderia.com\/index.php?rest_route=%2Fwp%2Fv2%2Fcomments&post=11"}],"version-history":[{"count":94,"href":"https:\/\/ivonpescaderia.com\/index.php?rest_route=\/wp\/v2\/pages\/11\/revisions"}],"predecessor-version":[{"id":2831,"href":"https:\/\/ivonpescaderia.com\/index.php?rest_route=\/wp\/v2\/pages\/11\/revisions\/2831"}],"wp:attachment":[{"href":"https:\/\/ivonpescaderia.com\/index.php?rest_route=%2Fwp%2Fv2%2Fmedia&parent=11"}],"curies":[{"name":"wp","href":"https:\/\/api.w.org\/{rel}","templated":true}]}}