{"id":184,"date":"2023-03-21T17:50:21","date_gmt":"2023-03-21T17:50:21","guid":{"rendered":"https:\/\/ivonpescaderia.com\/?page_id=184"},"modified":"2023-03-22T16:28:40","modified_gmt":"2023-03-22T16:28:40","slug":"consejos-para-comprar-pescado-casa-del-bacalao-pamplona","status":"publish","type":"page","link":"https:\/\/ivonpescaderia.com\/consejos-para-comprar-pescado-casa-del-bacalao-pamplona\/","title":{"rendered":"Consejos"},"content":{"rendered":"\t\t<div data-elementor-type=\"wp-page\" data-elementor-id=\"184\" class=\"elementor elementor-184\" data-elementor-post-type=\"page\">\n\t\t\t\t\t\t<section class=\"elementor-section elementor-top-section elementor-element elementor-element-ec5c972 elementor-section-height-min-height elementor-section-boxed elementor-section-height-default elementor-section-items-middle\" data-id=\"ec5c972\" data-element_type=\"section\" data-e-type=\"section\" data-settings=\"{&quot;background_background&quot;:&quot;slideshow&quot;,&quot;background_slideshow_gallery&quot;:[{&quot;id&quot;:192,&quot;url&quot;:&quot;https:\\\/\\\/ivonpescaderia.com\\\/wp-content\\\/uploads\\\/2023\\\/03\\\/Consejos-lubina-scaled.jpg&quot;}],&quot;background_slideshow_slide_duration&quot;:2000,&quot;background_slideshow_ken_burns&quot;:&quot;yes&quot;,&quot;background_slideshow_loop&quot;:&quot;yes&quot;,&quot;background_slideshow_slide_transition&quot;:&quot;fade&quot;,&quot;background_slideshow_transition_duration&quot;:500,&quot;background_slideshow_ken_burns_zoom_direction&quot;:&quot;in&quot;}\">\n\t\t\t\t\t\t<div class=\"elementor-container elementor-column-gap-default\">\n\t\t\t\t\t<div class=\"elementor-column elementor-col-100 elementor-top-column elementor-element elementor-element-5df9992\" data-id=\"5df9992\" data-element_type=\"column\" data-e-type=\"column\">\n\t\t\t<div class=\"elementor-widget-wrap\">\n\t\t\t\t\t\t\t<\/div>\n\t\t<\/div>\n\t\t\t\t\t<\/div>\n\t\t<\/section>\n\t\t\t\t<section class=\"elementor-section elementor-top-section elementor-element elementor-element-e251ec3 elementor-reverse-mobile elementor-section-boxed elementor-section-height-default elementor-section-height-default\" data-id=\"e251ec3\" data-element_type=\"section\" data-e-type=\"section\">\n\t\t\t\t\t\t<div class=\"elementor-container elementor-column-gap-default\">\n\t\t\t\t\t<div class=\"elementor-column elementor-col-33 elementor-top-column elementor-element elementor-element-9c35404\" data-id=\"9c35404\" data-element_type=\"column\" data-e-type=\"column\">\n\t\t\t<div class=\"elementor-widget-wrap elementor-element-populated\">\n\t\t\t\t\t\t<div class=\"elementor-element elementor-element-d53d4c0 elementor-widget elementor-widget-image\" data-id=\"d53d4c0\" data-element_type=\"widget\" data-e-type=\"widget\" data-widget_type=\"image.default\">\n\t\t\t\t<div class=\"elementor-widget-container\">\n\t\t\t\t\t\t\t\t\t\t\t\t\t\t\t<img fetchpriority=\"high\" decoding=\"async\" width=\"325\" height=\"311\" src=\"https:\/\/ivonpescaderia.com\/wp-content\/uploads\/2023\/03\/Consejos-icon.png\" class=\"attachment-large size-large wp-image-193\" alt=\"Consejos para comprar pescado\" srcset=\"https:\/\/ivonpescaderia.com\/wp-content\/uploads\/2023\/03\/Consejos-icon.png 325w, https:\/\/ivonpescaderia.com\/wp-content\/uploads\/2023\/03\/Consejos-icon-300x287.png 300w\" sizes=\"(max-width: 325px) 100vw, 325px\" \/>\t\t\t\t\t\t\t\t\t\t\t\t\t\t\t<\/div>\n\t\t\t\t<\/div>\n\t\t\t\t\t<\/div>\n\t\t<\/div>\n\t\t\t\t<div class=\"elementor-column elementor-col-66 elementor-top-column elementor-element elementor-element-17a7117\" data-id=\"17a7117\" data-element_type=\"column\" data-e-type=\"column\">\n\t\t\t<div class=\"elementor-widget-wrap elementor-element-populated\">\n\t\t\t\t\t\t<div class=\"elementor-element elementor-element-27cabaf elementor-widget elementor-widget-heading\" data-id=\"27cabaf\" data-element_type=\"widget\" data-e-type=\"widget\" data-widget_type=\"heading.default\">\n\t\t\t\t<div class=\"elementor-widget-container\">\n\t\t\t\t\t<h2 class=\"elementor-heading-title elementor-size-default\">CONSEJOS<\/h2>\t\t\t\t<\/div>\n\t\t\t\t<\/div>\n\t\t\t\t<div class=\"elementor-element elementor-element-81966f3 elementor-widget elementor-widget-text-editor\" data-id=\"81966f3\" data-element_type=\"widget\" data-e-type=\"widget\" data-widget_type=\"text-editor.default\">\n\t\t\t\t<div class=\"elementor-widget-container\">\n\t\t\t\t\t\t\t\t\t<p class=\"p1\"><span class=\"s1\">Si quieres hacer una buena compra en tu pescader\u00eda, aprende a diferenciar entre el pescado blanco y el azul, saber qu\u00e9 parte comprar en funci\u00f3n del plato a cocinar, o conocer qu\u00e9 pescados est\u00e1n de temporada.<\/span><\/p>\t\t\t\t\t\t\t\t<\/div>\n\t\t\t\t<\/div>\n\t\t\t\t\t<\/div>\n\t\t<\/div>\n\t\t\t\t\t<\/div>\n\t\t<\/section>\n\t\t\t\t<section class=\"elementor-section elementor-top-section elementor-element elementor-element-a8fef5d elementor-section-boxed elementor-section-height-default elementor-section-height-default\" data-id=\"a8fef5d\" data-element_type=\"section\" data-e-type=\"section\" data-settings=\"{&quot;background_background&quot;:&quot;classic&quot;}\">\n\t\t\t\t\t\t<div class=\"elementor-container elementor-column-gap-default\">\n\t\t\t\t\t<div class=\"elementor-column elementor-col-66 elementor-top-column elementor-element elementor-element-b061aba\" data-id=\"b061aba\" data-element_type=\"column\" data-e-type=\"column\">\n\t\t\t<div class=\"elementor-widget-wrap elementor-element-populated\">\n\t\t\t\t\t\t<div class=\"elementor-element elementor-element-99802da elementor-widget elementor-widget-heading\" data-id=\"99802da\" data-element_type=\"widget\" data-e-type=\"widget\" data-widget_type=\"heading.default\">\n\t\t\t\t<div class=\"elementor-widget-container\">\n\t\t\t\t\t<h2 class=\"elementor-heading-title elementor-size-default\">PESCADO AZUL<\/h2>\t\t\t\t<\/div>\n\t\t\t\t<\/div>\n\t\t\t\t<div class=\"elementor-element elementor-element-9fe08f7 elementor-widget elementor-widget-text-editor\" data-id=\"9fe08f7\" data-element_type=\"widget\" data-e-type=\"widget\" data-widget_type=\"text-editor.default\">\n\t\t\t\t<div class=\"elementor-widget-container\">\n\t\t\t\t\t\t\t\t\t<p class=\"p1\"><span class=\"s1\">Los pescados azules\u00a0suelen ser aquellos que viven en aguas superficiales o a media profundidad, lejos de la costa.\u00a0<\/span><\/p><p class=\"p1\"><span class=\"s1\">Aunque su contenido en grasa es elevado, estas suelen ser insaturadas. Tambi\u00e9n destaca especialmente su contenido en \u00e1cidos grasos omega 3, con diversos\u00a0beneficios para el organismo.<\/span><\/p><p class=\"p1\"><span class=\"s1\">Se llaman pescados azules porque\u00a0al vivir en aguas muy fr\u00edas y superficiales, el color de su piel adquiere un tono azulado. Estas especies necesitan acumular m\u00e1s grasas para utilizar mayor energ\u00eda en su desarrollo y metabolismo.<\/span><\/p><p class=\"p1\"><span class=\"s1\">Son ricos en \u00e1cidos grasos, siendo el omega 3 el que ayuda a controlar los niveles de colesterol LDL. Su\u00a0consumo ayuda a prevenir riesgos cardiovasculares en personas de alto riesgo y problemas de circulaci\u00f3n. Adem\u00e1s,\u00a0el pescado azul aporta prote\u00ednas de calidad y diversos minerales (yodo, f\u00f3sforo, magnesio, calcio \u2013en las espinas\u2013 y tambi\u00e9n hierro.<\/span><\/p>\t\t\t\t\t\t\t\t<\/div>\n\t\t\t\t<\/div>\n\t\t\t\t\t<\/div>\n\t\t<\/div>\n\t\t\t\t<div class=\"elementor-column elementor-col-33 elementor-top-column elementor-element elementor-element-7517cdb\" data-id=\"7517cdb\" data-element_type=\"column\" data-e-type=\"column\">\n\t\t\t<div class=\"elementor-widget-wrap elementor-element-populated\">\n\t\t\t\t\t\t<div class=\"elementor-element elementor-element-25ed207 elementor-widget elementor-widget-image\" data-id=\"25ed207\" data-element_type=\"widget\" data-e-type=\"widget\" data-widget_type=\"image.default\">\n\t\t\t\t<div class=\"elementor-widget-container\">\n\t\t\t\t\t\t\t\t\t\t\t\t\t\t\t<img decoding=\"async\" width=\"800\" height=\"203\" src=\"https:\/\/ivonpescaderia.com\/wp-content\/uploads\/2023\/03\/Consejos-azul-1024x260.png\" class=\"attachment-large size-large wp-image-194\" alt=\"Consejos Pescado azul\" srcset=\"https:\/\/ivonpescaderia.com\/wp-content\/uploads\/2023\/03\/Consejos-azul-1024x260.png 1024w, https:\/\/ivonpescaderia.com\/wp-content\/uploads\/2023\/03\/Consejos-azul-300x76.png 300w, https:\/\/ivonpescaderia.com\/wp-content\/uploads\/2023\/03\/Consejos-azul-768x195.png 768w, https:\/\/ivonpescaderia.com\/wp-content\/uploads\/2023\/03\/Consejos-azul-1536x389.png 1536w, https:\/\/ivonpescaderia.com\/wp-content\/uploads\/2023\/03\/Consejos-azul-2048x519.png 2048w\" sizes=\"(max-width: 800px) 100vw, 800px\" \/>\t\t\t\t\t\t\t\t\t\t\t\t\t\t\t<\/div>\n\t\t\t\t<\/div>\n\t\t\t\t<div class=\"elementor-element elementor-element-2bed7c7 elementor-widget elementor-widget-text-editor\" data-id=\"2bed7c7\" data-element_type=\"widget\" data-e-type=\"widget\" data-widget_type=\"text-editor.default\">\n\t\t\t\t<div class=\"elementor-widget-container\">\n\t\t\t\t\t\t\t\t\t<div class=\"page\" title=\"Page 6\"><div class=\"section\"><div class=\"layoutArea\"><div class=\"column\"><p>Anchoa \u00b7 Anguila Angula \u00b7 Arenque Atu\u0301n \u00b7 Bonito Boquero\u0301n \u00b7 Caballa Carpa \u00b7 Cazo\u0301n Chicharro \u00b7 Jurel Lamprea \u00b7 Palometa Pez espada Salmonete \u00b7 Salmo\u0301n Sardina<\/p><\/div><\/div><\/div><\/div>\t\t\t\t\t\t\t\t<\/div>\n\t\t\t\t<\/div>\n\t\t\t\t\t<\/div>\n\t\t<\/div>\n\t\t\t\t\t<\/div>\n\t\t<\/section>\n\t\t\t\t<section class=\"elementor-section elementor-top-section elementor-element elementor-element-9c633da elementor-reverse-mobile elementor-section-boxed elementor-section-height-default elementor-section-height-default\" data-id=\"9c633da\" data-element_type=\"section\" data-e-type=\"section\" data-settings=\"{&quot;background_background&quot;:&quot;classic&quot;}\">\n\t\t\t\t\t\t<div class=\"elementor-container elementor-column-gap-default\">\n\t\t\t\t\t<div class=\"elementor-column elementor-col-33 elementor-top-column elementor-element elementor-element-3ad3aad\" data-id=\"3ad3aad\" data-element_type=\"column\" data-e-type=\"column\">\n\t\t\t<div class=\"elementor-widget-wrap elementor-element-populated\">\n\t\t\t\t\t\t<div class=\"elementor-element elementor-element-c4fde36 elementor-widget elementor-widget-image\" data-id=\"c4fde36\" data-element_type=\"widget\" data-e-type=\"widget\" data-widget_type=\"image.default\">\n\t\t\t\t<div class=\"elementor-widget-container\">\n\t\t\t\t\t\t\t\t\t\t\t\t\t\t\t<img decoding=\"async\" width=\"800\" height=\"236\" src=\"https:\/\/ivonpescaderia.com\/wp-content\/uploads\/2023\/03\/Consejos-blanco-1024x302.png\" class=\"attachment-large size-large wp-image-195\" alt=\"Consejos Pescado blanco\" srcset=\"https:\/\/ivonpescaderia.com\/wp-content\/uploads\/2023\/03\/Consejos-blanco-1024x302.png 1024w, https:\/\/ivonpescaderia.com\/wp-content\/uploads\/2023\/03\/Consejos-blanco-300x88.png 300w, https:\/\/ivonpescaderia.com\/wp-content\/uploads\/2023\/03\/Consejos-blanco-768x226.png 768w, https:\/\/ivonpescaderia.com\/wp-content\/uploads\/2023\/03\/Consejos-blanco-1536x453.png 1536w, https:\/\/ivonpescaderia.com\/wp-content\/uploads\/2023\/03\/Consejos-blanco-2048x603.png 2048w\" sizes=\"(max-width: 800px) 100vw, 800px\" \/>\t\t\t\t\t\t\t\t\t\t\t\t\t\t\t<\/div>\n\t\t\t\t<\/div>\n\t\t\t\t<div class=\"elementor-element elementor-element-c1c33e7 elementor-widget elementor-widget-text-editor\" data-id=\"c1c33e7\" data-element_type=\"widget\" data-e-type=\"widget\" data-widget_type=\"text-editor.default\">\n\t\t\t\t<div class=\"elementor-widget-container\">\n\t\t\t\t\t\t\t\t\t<div class=\"page\" title=\"Page 6\"><div class=\"section\"><div class=\"layoutArea\"><div class=\"column\"><div class=\"page\" title=\"Page 6\"><div class=\"section\"><div class=\"layoutArea\"><div class=\"column\"><p>Bacalao \u00b7 Cabracho Congrio \u00b7 Faneca Gallo \u00b7 Lenguado Merluza \u00b7 Pescadilla Rape \u00b7 Rodaballo<\/p><\/div><\/div><\/div><\/div><\/div><\/div><\/div><\/div>\t\t\t\t\t\t\t\t<\/div>\n\t\t\t\t<\/div>\n\t\t\t\t<div class=\"elementor-element elementor-element-a7cc482 elementor-widget elementor-widget-text-editor\" data-id=\"a7cc482\" data-element_type=\"widget\" data-e-type=\"widget\" data-widget_type=\"text-editor.default\">\n\t\t\t\t<div class=\"elementor-widget-container\">\n\t\t\t\t\t\t\t\t\t<div class=\"page\" title=\"Page 6\"><div class=\"section\"><div class=\"layoutArea\"><div class=\"column\"><div class=\"page\" title=\"Page 6\"><div class=\"section\"><div class=\"layoutArea\"><div class=\"column\"><div class=\"page\" title=\"Page 6\"><div class=\"section\"><div class=\"layoutArea\"><div class=\"column\"><p>Para diferenciarlos, mira su cola, su borde sera\u0301 recto o redondeado en la parte superior<\/p><\/div><\/div><\/div><\/div><\/div><\/div><\/div><\/div><\/div><\/div><\/div><\/div>\t\t\t\t\t\t\t\t<\/div>\n\t\t\t\t<\/div>\n\t\t\t\t\t<\/div>\n\t\t<\/div>\n\t\t\t\t<div class=\"elementor-column elementor-col-66 elementor-top-column elementor-element elementor-element-37d031b\" data-id=\"37d031b\" data-element_type=\"column\" data-e-type=\"column\">\n\t\t\t<div class=\"elementor-widget-wrap elementor-element-populated\">\n\t\t\t\t\t\t<div class=\"elementor-element elementor-element-1fbde16 elementor-widget elementor-widget-heading\" data-id=\"1fbde16\" data-element_type=\"widget\" data-e-type=\"widget\" data-widget_type=\"heading.default\">\n\t\t\t\t<div class=\"elementor-widget-container\">\n\t\t\t\t\t<h2 class=\"elementor-heading-title elementor-size-default\">PESCADO BLANCO<\/h2>\t\t\t\t<\/div>\n\t\t\t\t<\/div>\n\t\t\t\t<div class=\"elementor-element elementor-element-4a143cc elementor-widget elementor-widget-text-editor\" data-id=\"4a143cc\" data-element_type=\"widget\" data-e-type=\"widget\" data-widget_type=\"text-editor.default\">\n\t\t\t\t<div class=\"elementor-widget-container\">\n\t\t\t\t\t\t\t\t\t<p class=\"p1\"><span class=\"s1\">Los pescados blancos contienen muy poca grasa (menos de un 5%) y este contenido en grasas var\u00eda menos entre especies y \u00e9pocas del a\u00f1o que en el caso\u00a0de los pescados azules. Esta grasa, a diferencia de los azules, la acumulan en torno al h\u00edgado. Su proporci\u00f3n es mucho menor porque suelen ser especies que habitan en los fondos marinos, y\u00a0por lo general obtienen su alimento sin necesidad de grandes desplazamientos, por lo que son m\u00e1s sedentarios.<\/span><\/p><p class=\"p1\"><span class=\"s1\">Todo esto hace que, en algunos casos, los pescados blancos sean m\u00e1s digestivos y tengan menos calor\u00edas por raci\u00f3n que los azules. Los blancos son pescados prot\u00e9icos, ricos en sales minerales y gelatinas, con pocas calor\u00edas, y con gran aporte de vitaminas del grupo B, especialmente B12. Algunos de ellos aportan yodo, importante para alteraciones de la tiroides. Cocinados al vapor, al horno o bien asados son de ayuda para controlar los niveles de colesterol y prevenir enfermedades del coraz\u00f3n. Si bien, hay que tener en cuenta que absorben m\u00e1s aceite si los fr\u00edes.<\/span><\/p>\t\t\t\t\t\t\t\t<\/div>\n\t\t\t\t<\/div>\n\t\t\t\t\t<\/div>\n\t\t<\/div>\n\t\t\t\t\t<\/div>\n\t\t<\/section>\n\t\t\t\t<section class=\"elementor-section elementor-top-section elementor-element elementor-element-9db44e5 elementor-section-boxed elementor-section-height-default elementor-section-height-default\" data-id=\"9db44e5\" data-element_type=\"section\" data-e-type=\"section\" data-settings=\"{&quot;background_background&quot;:&quot;classic&quot;}\">\n\t\t\t\t\t\t<div class=\"elementor-container elementor-column-gap-default\">\n\t\t\t\t\t<div class=\"elementor-column elementor-col-66 elementor-top-column elementor-element elementor-element-f454946\" data-id=\"f454946\" data-element_type=\"column\" data-e-type=\"column\">\n\t\t\t<div class=\"elementor-widget-wrap elementor-element-populated\">\n\t\t\t\t\t\t<div class=\"elementor-element elementor-element-398958a elementor-widget elementor-widget-heading\" data-id=\"398958a\" data-element_type=\"widget\" data-e-type=\"widget\" data-widget_type=\"heading.default\">\n\t\t\t\t<div class=\"elementor-widget-container\">\n\t\t\t\t\t<h2 class=\"elementor-heading-title elementor-size-default\">ANISAKIS<\/h2>\t\t\t\t<\/div>\n\t\t\t\t<\/div>\n\t\t\t\t<div class=\"elementor-element elementor-element-8cd9868 elementor-widget elementor-widget-text-editor\" data-id=\"8cd9868\" data-element_type=\"widget\" data-e-type=\"widget\" data-widget_type=\"text-editor.default\">\n\t\t\t\t<div class=\"elementor-widget-container\">\n\t\t\t\t\t\t\t\t\t<p class=\"p1\"><span class=\"s1\">Este par\u00e1sito llamado Anisaki est\u00e1 en muchas m\u00e1s especies de las que se suele pensar. Por ejemplo, en el 95% de las merluzas. Y no solo se contagia cuando lo comes crudo. Vigila las malas costumbres especialmente en verano, que es cuando se multiplican los casos.<\/span><\/p><p class=\"p1\"><span class=\"s1\">Se trata de un par\u00e1sito que puede provocar serios problemas de salud y que solo se elimina si lo cocinas por encima de 65\u00ba C o lo congelas de manera adecuada.<\/span><\/p><p class=\"p1\"><span class=\"s1\">Uno de los problemas habituales es que no disponemos de una nevera en condiciones o que no congelamos bien. Recuerda que s\u00f3lo las que tienen m\u00e1s de tres estrellas alcanzan la temperatura de -20 grados.<\/span><\/p><p class=\"p1\"><span class=\"s1\">La mayor\u00eda de los congeladores de casa se quedan en -18 grados y, aunque no hay estudios que adviertan que las larvas no hayan muerto, por precauci\u00f3n es mejor dejarlo algo m\u00e1s de tiempo.<\/span><\/p><p class=\"p1\"><span class=\"s1\">Por eso se aconseja alargar el proceso de congelaci\u00f3n entre tres y cinco d\u00edas cuando no es un cofre de congelaci\u00f3n industrial.<\/span><\/p>\t\t\t\t\t\t\t\t<\/div>\n\t\t\t\t<\/div>\n\t\t\t\t\t<\/div>\n\t\t<\/div>\n\t\t\t\t<div class=\"elementor-column elementor-col-33 elementor-top-column elementor-element elementor-element-c43144e\" data-id=\"c43144e\" data-element_type=\"column\" data-e-type=\"column\">\n\t\t\t<div class=\"elementor-widget-wrap elementor-element-populated\">\n\t\t\t\t\t\t<div class=\"elementor-element elementor-element-d5466b3 elementor-widget elementor-widget-image\" data-id=\"d5466b3\" data-element_type=\"widget\" data-e-type=\"widget\" data-widget_type=\"image.default\">\n\t\t\t\t<div class=\"elementor-widget-container\">\n\t\t\t\t\t\t\t\t\t\t\t\t\t\t\t<img loading=\"lazy\" decoding=\"async\" width=\"252\" height=\"252\" src=\"https:\/\/ivonpescaderia.com\/wp-content\/uploads\/2023\/03\/Consejos-anisaki.png\" class=\"attachment-large size-large wp-image-208\" alt=\"Consejos anisakis\" srcset=\"https:\/\/ivonpescaderia.com\/wp-content\/uploads\/2023\/03\/Consejos-anisaki.png 252w, https:\/\/ivonpescaderia.com\/wp-content\/uploads\/2023\/03\/Consejos-anisaki-150x150.png 150w\" sizes=\"(max-width: 252px) 100vw, 252px\" \/>\t\t\t\t\t\t\t\t\t\t\t\t\t\t\t<\/div>\n\t\t\t\t<\/div>\n\t\t\t\t\t<\/div>\n\t\t<\/div>\n\t\t\t\t\t<\/div>\n\t\t<\/section>\n\t\t\t\t<\/div>\n\t\t","protected":false},"excerpt":{"rendered":"<p>CONSEJOS Si quieres hacer una buena compra en tu pescader\u00eda, aprende a diferenciar entre el pescado blanco y el azul, saber qu\u00e9 parte comprar en funci\u00f3n del plato a cocinar, o conocer qu\u00e9 pescados est\u00e1n de temporada. PESCADO AZUL Los pescados azules\u00a0suelen ser aquellos que viven en aguas superficiales o a media profundidad, lejos de [&hellip;]<\/p>\n","protected":false},"author":1,"featured_media":0,"parent":0,"menu_order":0,"comment_status":"closed","ping_status":"closed","template":"","meta":{"footnotes":""},"class_list":["post-184","page","type-page","status-publish","hentry"],"_links":{"self":[{"href":"https:\/\/ivonpescaderia.com\/wp-json\/wp\/v2\/pages\/184","targetHints":{"allow":["GET"]}}],"collection":[{"href":"https:\/\/ivonpescaderia.com\/wp-json\/wp\/v2\/pages"}],"about":[{"href":"https:\/\/ivonpescaderia.com\/wp-json\/wp\/v2\/types\/page"}],"author":[{"embeddable":true,"href":"https:\/\/ivonpescaderia.com\/wp-json\/wp\/v2\/users\/1"}],"replies":[{"embeddable":true,"href":"https:\/\/ivonpescaderia.com\/wp-json\/wp\/v2\/comments?post=184"}],"version-history":[{"count":25,"href":"https:\/\/ivonpescaderia.com\/wp-json\/wp\/v2\/pages\/184\/revisions"}],"predecessor-version":[{"id":2743,"href":"https:\/\/ivonpescaderia.com\/wp-json\/wp\/v2\/pages\/184\/revisions\/2743"}],"wp:attachment":[{"href":"https:\/\/ivonpescaderia.com\/wp-json\/wp\/v2\/media?parent=184"}],"curies":[{"name":"wp","href":"https:\/\/api.w.org\/{rel}","templated":true}]}}