{"id":262,"date":"2023-03-22T09:47:29","date_gmt":"2023-03-22T09:47:29","guid":{"rendered":"https:\/\/ivonpescaderia.com\/?page_id=262"},"modified":"2023-03-22T17:00:10","modified_gmt":"2023-03-22T17:00:10","slug":"receta-bacalao-rebozado-con-harina-y-cerveza","status":"publish","type":"page","link":"https:\/\/ivonpescaderia.com\/receta-bacalao-rebozado-con-harina-y-cerveza\/","title":{"rendered":"Bacalao rebozado con harina y cerveza"},"content":{"rendered":"\t\t<div data-elementor-type=\"wp-page\" data-elementor-id=\"262\" class=\"elementor elementor-262\" data-elementor-post-type=\"page\">\n\t\t\t\t\t\t<section class=\"elementor-section elementor-top-section elementor-element elementor-element-ec5c972 elementor-section-height-min-height elementor-section-boxed elementor-section-height-default elementor-section-items-middle\" data-id=\"ec5c972\" data-element_type=\"section\" data-e-type=\"section\" data-settings=\"{&quot;background_background&quot;:&quot;slideshow&quot;,&quot;background_slideshow_gallery&quot;:[{&quot;id&quot;:220,&quot;url&quot;:&quot;https:\\\/\\\/ivonpescaderia.com\\\/wp-content\\\/uploads\\\/2023\\\/03\\\/Recetas-pescado-scaled.jpg&quot;}],&quot;background_slideshow_slide_duration&quot;:2000,&quot;background_slideshow_ken_burns&quot;:&quot;yes&quot;,&quot;background_slideshow_loop&quot;:&quot;yes&quot;,&quot;background_slideshow_slide_transition&quot;:&quot;fade&quot;,&quot;background_slideshow_transition_duration&quot;:500,&quot;background_slideshow_ken_burns_zoom_direction&quot;:&quot;in&quot;}\">\n\t\t\t\t\t\t<div class=\"elementor-container elementor-column-gap-default\">\n\t\t\t\t\t<div class=\"elementor-column elementor-col-100 elementor-top-column elementor-element elementor-element-5df9992\" data-id=\"5df9992\" data-element_type=\"column\" data-e-type=\"column\">\n\t\t\t<div class=\"elementor-widget-wrap\">\n\t\t\t\t\t\t\t<\/div>\n\t\t<\/div>\n\t\t\t\t\t<\/div>\n\t\t<\/section>\n\t\t\t\t<section class=\"elementor-section elementor-top-section elementor-element elementor-element-e251ec3 elementor-reverse-mobile elementor-section-boxed elementor-section-height-default elementor-section-height-default\" data-id=\"e251ec3\" data-element_type=\"section\" data-e-type=\"section\">\n\t\t\t\t\t\t<div class=\"elementor-container elementor-column-gap-default\">\n\t\t\t\t\t<div class=\"elementor-column elementor-col-33 elementor-top-column elementor-element elementor-element-9c35404\" data-id=\"9c35404\" data-element_type=\"column\" data-e-type=\"column\">\n\t\t\t<div class=\"elementor-widget-wrap elementor-element-populated\">\n\t\t\t\t\t\t<div class=\"elementor-element elementor-element-d53d4c0 elementor-widget elementor-widget-image\" data-id=\"d53d4c0\" data-element_type=\"widget\" data-e-type=\"widget\" data-widget_type=\"image.default\">\n\t\t\t\t<div class=\"elementor-widget-container\">\n\t\t\t\t\t\t\t\t\t\t\t\t\t\t\t<img fetchpriority=\"high\" decoding=\"async\" width=\"257\" height=\"236\" src=\"https:\/\/ivonpescaderia.com\/wp-content\/uploads\/2023\/03\/Recetas-icon.png\" class=\"attachment-large size-large wp-image-221\" alt=\"Recetas-icon\" \/>\t\t\t\t\t\t\t\t\t\t\t\t\t\t\t<\/div>\n\t\t\t\t<\/div>\n\t\t\t\t\t<\/div>\n\t\t<\/div>\n\t\t\t\t<div class=\"elementor-column elementor-col-66 elementor-top-column elementor-element elementor-element-17a7117\" data-id=\"17a7117\" data-element_type=\"column\" data-e-type=\"column\">\n\t\t\t<div class=\"elementor-widget-wrap elementor-element-populated\">\n\t\t\t\t\t\t<div class=\"elementor-element elementor-element-27cabaf elementor-widget elementor-widget-heading\" data-id=\"27cabaf\" data-element_type=\"widget\" data-e-type=\"widget\" data-widget_type=\"heading.default\">\n\t\t\t\t<div class=\"elementor-widget-container\">\n\t\t\t\t\t<h2 class=\"elementor-heading-title elementor-size-default\">\u00bfQUE\u0301 VAMOS A COCINAR HOY?<\/h2>\t\t\t\t<\/div>\n\t\t\t\t<\/div>\n\t\t\t\t<div class=\"elementor-element elementor-element-962cecf elementor-widget elementor-widget-spacer\" data-id=\"962cecf\" data-element_type=\"widget\" data-e-type=\"widget\" data-widget_type=\"spacer.default\">\n\t\t\t\t<div class=\"elementor-widget-container\">\n\t\t\t\t\t\t\t<div class=\"elementor-spacer\">\n\t\t\t<div class=\"elementor-spacer-inner\"><\/div>\n\t\t<\/div>\n\t\t\t\t\t\t<\/div>\n\t\t\t\t<\/div>\n\t\t\t\t<div class=\"elementor-element elementor-element-81966f3 elementor-widget elementor-widget-text-editor\" data-id=\"81966f3\" data-element_type=\"widget\" data-e-type=\"widget\" data-widget_type=\"text-editor.default\">\n\t\t\t\t<div class=\"elementor-widget-container\">\n\t\t\t\t\t\t\t\t\t<p>Elija una de nuestras deliciosas recetas a continuacio\u0301n:<\/p>\t\t\t\t\t\t\t\t<\/div>\n\t\t\t\t<\/div>\n\t\t\t\t<div class=\"elementor-element elementor-element-5ee8757 elementor-icon-list--layout-traditional elementor-list-item-link-full_width elementor-widget elementor-widget-icon-list\" data-id=\"5ee8757\" data-element_type=\"widget\" data-e-type=\"widget\" data-widget_type=\"icon-list.default\">\n\t\t\t\t<div class=\"elementor-widget-container\">\n\t\t\t\t\t\t\t<ul class=\"elementor-icon-list-items\">\n\t\t\t\t\t\t\t<li class=\"elementor-icon-list-item\">\n\t\t\t\t\t\t\t\t\t\t\t<a href=\"https:\/\/ivonpescaderia.com\/receta-atun-a-la-plancha-con-ajo-y-perejil\/\">\n\n\t\t\t\t\t\t\t\t\t\t\t\t<span class=\"elementor-icon-list-icon\">\n\t\t\t\t\t\t\t<i aria-hidden=\"true\" class=\"fas fa-circle\"><\/i>\t\t\t\t\t\t<\/span>\n\t\t\t\t\t\t\t\t\t\t<span class=\"elementor-icon-list-text\">Atu\u0301n a la plancha con ajo y perejil<\/span>\n\t\t\t\t\t\t\t\t\t\t\t<\/a>\n\t\t\t\t\t\t\t\t\t<\/li>\n\t\t\t\t\t\t<\/ul>\n\t\t\t\t\t\t<\/div>\n\t\t\t\t<\/div>\n\t\t\t\t<div class=\"elementor-element elementor-element-f9913b7 elementor-icon-list--layout-traditional elementor-list-item-link-full_width elementor-widget elementor-widget-icon-list\" data-id=\"f9913b7\" data-element_type=\"widget\" data-e-type=\"widget\" data-widget_type=\"icon-list.default\">\n\t\t\t\t<div class=\"elementor-widget-container\">\n\t\t\t\t\t\t\t<ul class=\"elementor-icon-list-items\">\n\t\t\t\t\t\t\t<li class=\"elementor-icon-list-item\">\n\t\t\t\t\t\t\t\t\t\t\t<a href=\"https:\/\/ivonpescaderia.com\/receta-bacalao-rebozado-con-harina-y-cerveza\/\">\n\n\t\t\t\t\t\t\t\t\t\t\t\t<span class=\"elementor-icon-list-icon\">\n\t\t\t\t\t\t\t<i aria-hidden=\"true\" class=\"fas fa-circle\"><\/i>\t\t\t\t\t\t<\/span>\n\t\t\t\t\t\t\t\t\t\t<span class=\"elementor-icon-list-text\">Bacalao rebozado<\/span>\n\t\t\t\t\t\t\t\t\t\t\t<\/a>\n\t\t\t\t\t\t\t\t\t<\/li>\n\t\t\t\t\t\t<\/ul>\n\t\t\t\t\t\t<\/div>\n\t\t\t\t<\/div>\n\t\t\t\t<div class=\"elementor-element elementor-element-ccb18f3 elementor-icon-list--layout-traditional elementor-list-item-link-full_width elementor-widget elementor-widget-icon-list\" data-id=\"ccb18f3\" data-element_type=\"widget\" data-e-type=\"widget\" data-widget_type=\"icon-list.default\">\n\t\t\t\t<div class=\"elementor-widget-container\">\n\t\t\t\t\t\t\t<ul class=\"elementor-icon-list-items\">\n\t\t\t\t\t\t\t<li class=\"elementor-icon-list-item\">\n\t\t\t\t\t\t\t\t\t\t\t<a href=\"https:\/\/ivonpescaderia.com\/receta-bolitas-de-pescado-caseras-para-ninos\/\">\n\n\t\t\t\t\t\t\t\t\t\t\t\t<span class=\"elementor-icon-list-icon\">\n\t\t\t\t\t\t\t<i aria-hidden=\"true\" class=\"fas fa-circle\"><\/i>\t\t\t\t\t\t<\/span>\n\t\t\t\t\t\t\t\t\t\t<span class=\"elementor-icon-list-text\">Bolitas de pescado caseras para nin\u0303os<\/span>\n\t\t\t\t\t\t\t\t\t\t\t<\/a>\n\t\t\t\t\t\t\t\t\t<\/li>\n\t\t\t\t\t\t\t\t<li class=\"elementor-icon-list-item\">\n\t\t\t\t\t\t\t\t\t\t\t<a href=\"https:\/\/ivonpescaderia.com\/receta-dorada-a-la-bilbaina\/\">\n\n\t\t\t\t\t\t\t\t\t\t\t\t<span class=\"elementor-icon-list-icon\">\n\t\t\t\t\t\t\t<i aria-hidden=\"true\" class=\"fas fa-circle\"><\/i>\t\t\t\t\t\t<\/span>\n\t\t\t\t\t\t\t\t\t\t<span class=\"elementor-icon-list-text\">Dorada a la bilba\u00edna<\/span>\n\t\t\t\t\t\t\t\t\t\t\t<\/a>\n\t\t\t\t\t\t\t\t\t<\/li>\n\t\t\t\t\t\t\t\t<li class=\"elementor-icon-list-item\">\n\t\t\t\t\t\t\t\t\t\t\t<a href=\"https:\/\/ivonpescaderia.com\/receta-lenguado-a-la-naranja\/\">\n\n\t\t\t\t\t\t\t\t\t\t\t\t<span class=\"elementor-icon-list-icon\">\n\t\t\t\t\t\t\t<i aria-hidden=\"true\" class=\"fas fa-circle\"><\/i>\t\t\t\t\t\t<\/span>\n\t\t\t\t\t\t\t\t\t\t<span class=\"elementor-icon-list-text\">Lenguado a la naranja<\/span>\n\t\t\t\t\t\t\t\t\t\t\t<\/a>\n\t\t\t\t\t\t\t\t\t<\/li>\n\t\t\t\t\t\t\t\t<li class=\"elementor-icon-list-item\">\n\t\t\t\t\t\t\t\t\t\t\t<a href=\"https:\/\/ivonpescaderia.com\/receta-lubina-a-la-espalda\/\">\n\n\t\t\t\t\t\t\t\t\t\t\t\t<span class=\"elementor-icon-list-icon\">\n\t\t\t\t\t\t\t<i aria-hidden=\"true\" class=\"fas fa-circle\"><\/i>\t\t\t\t\t\t<\/span>\n\t\t\t\t\t\t\t\t\t\t<span class=\"elementor-icon-list-text\">Lubina a la espalda<\/span>\n\t\t\t\t\t\t\t\t\t\t\t<\/a>\n\t\t\t\t\t\t\t\t\t<\/li>\n\t\t\t\t\t\t\t\t<li class=\"elementor-icon-list-item\">\n\t\t\t\t\t\t\t\t\t\t\t<a href=\"https:\/\/ivonpescaderia.com\/receta-lubina-a-la-plancha-en-salsa-vinagreta\/\">\n\n\t\t\t\t\t\t\t\t\t\t\t\t<span class=\"elementor-icon-list-icon\">\n\t\t\t\t\t\t\t<i aria-hidden=\"true\" class=\"fas fa-circle\"><\/i>\t\t\t\t\t\t<\/span>\n\t\t\t\t\t\t\t\t\t\t<span class=\"elementor-icon-list-text\">Lubina a la plancha<\/span>\n\t\t\t\t\t\t\t\t\t\t\t<\/a>\n\t\t\t\t\t\t\t\t\t<\/li>\n\t\t\t\t\t\t\t\t<li class=\"elementor-icon-list-item\">\n\t\t\t\t\t\t\t\t\t\t\t<a href=\"https:\/\/ivonpescaderia.com\/receta-tallarines-tipo-chinos-con-gambas\/\">\n\n\t\t\t\t\t\t\t\t\t\t\t\t<span class=\"elementor-icon-list-icon\">\n\t\t\t\t\t\t\t<i aria-hidden=\"true\" class=\"fas fa-circle\"><\/i>\t\t\t\t\t\t<\/span>\n\t\t\t\t\t\t\t\t\t\t<span class=\"elementor-icon-list-text\">Tallarines tipo chinos con gambas<\/span>\n\t\t\t\t\t\t\t\t\t\t\t<\/a>\n\t\t\t\t\t\t\t\t\t<\/li>\n\t\t\t\t\t\t\t\t<li class=\"elementor-icon-list-item\">\n\t\t\t\t\t\t\t\t\t\t\t<a href=\"https:\/\/ivonpescaderia.com\/receta-ajoarriero-a-la-navarra\/\">\n\n\t\t\t\t\t\t\t\t\t\t\t\t<span class=\"elementor-icon-list-icon\">\n\t\t\t\t\t\t\t<i aria-hidden=\"true\" class=\"fas fa-circle\"><\/i>\t\t\t\t\t\t<\/span>\n\t\t\t\t\t\t\t\t\t\t<span class=\"elementor-icon-list-text\">Ajoarriero a la Navarra<\/span>\n\t\t\t\t\t\t\t\t\t\t\t<\/a>\n\t\t\t\t\t\t\t\t\t<\/li>\n\t\t\t\t\t\t<\/ul>\n\t\t\t\t\t\t<\/div>\n\t\t\t\t<\/div>\n\t\t\t\t\t<\/div>\n\t\t<\/div>\n\t\t\t\t\t<\/div>\n\t\t<\/section>\n\t\t\t\t<section class=\"elementor-section elementor-top-section elementor-element elementor-element-9db44e5 elementor-section-boxed elementor-section-height-default elementor-section-height-default\" data-id=\"9db44e5\" data-element_type=\"section\" data-e-type=\"section\" data-settings=\"{&quot;background_background&quot;:&quot;classic&quot;}\">\n\t\t\t\t\t\t<div class=\"elementor-container elementor-column-gap-default\">\n\t\t\t\t\t<div class=\"elementor-column elementor-col-66 elementor-top-column elementor-element elementor-element-f454946\" data-id=\"f454946\" data-element_type=\"column\" data-e-type=\"column\">\n\t\t\t<div class=\"elementor-widget-wrap elementor-element-populated\">\n\t\t\t\t\t\t<div class=\"elementor-element elementor-element-398958a elementor-widget elementor-widget-heading\" data-id=\"398958a\" data-element_type=\"widget\" data-e-type=\"widget\" data-widget_type=\"heading.default\">\n\t\t\t\t<div class=\"elementor-widget-container\">\n\t\t\t\t\t<h2 class=\"elementor-heading-title elementor-size-default\">Bacalao rebozado con harina y cerveza\n<\/h2>\t\t\t\t<\/div>\n\t\t\t\t<\/div>\n\t\t\t\t<div class=\"elementor-element elementor-element-8cd9868 elementor-widget elementor-widget-text-editor\" data-id=\"8cd9868\" data-element_type=\"widget\" data-e-type=\"widget\" data-widget_type=\"text-editor.default\">\n\t\t\t\t<div class=\"elementor-widget-container\">\n\t\t\t\t\t\t\t\t\t<p class=\"p1\"><span class=\"s1\">Cuando llega la temporada del bacalao son muchas las recetas que elaboramos con este pescado aprovechando que es m\u00e1s econ\u00f3mico y se vende fresco. Los meses de diciembre a mayo es cuando podemos encontrar con m\u00e1s facilidad el bacalao en el mercado y esto hace que sea muy cotizado para elaborar con \u00e9l recetas de Navidad y de Semana Santa. Un plato muy popular en esta \u00e9poca es el Potaje de Vigilia. La receta que vamos a preparar a continuaci\u00f3n es perfecta para incluir en estos men\u00fas especiales y en el del d\u00eda a d\u00eda: bacalao rebozado con cerveza. Se trata de un plato pensado para toda la familia con un sabor delicioso y muy crujiente. En esta ocasi\u00f3n te aconsejo hacerlo con bacalao fresco, pero tambi\u00e9n puedes hacerlo con bacalao salado. Para ello, previamente tienes que desalarlo. Lo ponemos en remojo durante un m\u00ednimo de 24 horas en agua fr\u00eda, agua que cambiaremos durante ese tiempo unas 2 o 3 veces y despu\u00e9s seguir los pasos que te propongo. Veamos como hacer el bacalao rebozado con cerveza de forma f\u00e1cil y r\u00e1pida:<\/span><\/p>\t\t\t\t\t\t\t\t<\/div>\n\t\t\t\t<\/div>\n\t\t\t\t<div class=\"elementor-element elementor-element-69f0150 elementor-widget elementor-widget-heading\" data-id=\"69f0150\" data-element_type=\"widget\" data-e-type=\"widget\" data-widget_type=\"heading.default\">\n\t\t\t\t<div class=\"elementor-widget-container\">\n\t\t\t\t\t<h3 class=\"elementor-heading-title elementor-size-default\">Preparaci\u00f3n<\/h3>\t\t\t\t<\/div>\n\t\t\t\t<\/div>\n\t\t\t\t<div class=\"elementor-element elementor-element-0b71984 elementor-widget elementor-widget-text-editor\" data-id=\"0b71984\" data-element_type=\"widget\" data-e-type=\"widget\" data-widget_type=\"text-editor.default\">\n\t\t\t\t<div class=\"elementor-widget-container\">\n\t\t\t\t\t\t\t\t\t<p class=\"p1\"><span class=\"s1\">Para comenzar, limpiamos el bacalao. Para ello, eliminamos la piel y las espinas. Secamos cada lomo con papel absorbente y lo cortamos en trozos m\u00e1s peque\u00f1os. Salpimentamos por ambas caras y lo reservamos en un plato. <\/span><\/p><p class=\"p1\"><span class=\"s1\">Ahora, preparamos la salsa para hacer el bacalao rebozado con cerveza. En un bol ponemos los huevos y los batimos brevemente. A continuaci\u00f3n, a\u00f1adimos la harina en un colador y la tamizamos. Finalmente vertemos la cerveza y mezclamos bien para que se integren todos los ingredientes hasta obtener una mezcla homog\u00e9nea. Hecho esto, reservamos el bol en la nevera durante unos 15 minutos para que la mezcla se enfr\u00ede. <\/span><\/p><p class=\"p1\"><span class=\"s1\">Pasado este tiempo, introducimos en el bol los lomos de bacalao y dejamos que se impregnen bien de esta mezcla. Retiramos la masa sobrante de los lomos y los cocinamos en abundante aceite muy caliente. Dejamos que se fr\u00edan durante unos 3 minutos, tiempo suficiente para que el bacalao coja color y se cocine en su interior. <\/span><\/p><p class=\"p1\"><span class=\"s1\">Pasado este tiempo, retiramos los lomos de bacalao rebozado con cerveza del aceite. Los colocamos en un plato con papel absorbente, para eliminar el exceso de aceite. Servimos inmediatamente.<\/span><\/p><p class=\"p1\"><span class=\"s1\">Y ya tenemos listo nuestro bacalao rebozado con cerveza. Una receta s\u00faper crujiente muy sencilla y r\u00e1pida de hacer en casa. Se puede acompa\u00f1ar con mayonesa.<\/span><\/p>\t\t\t\t\t\t\t\t<\/div>\n\t\t\t\t<\/div>\n\t\t\t\t\t<\/div>\n\t\t<\/div>\n\t\t\t\t<div class=\"elementor-column elementor-col-33 elementor-top-column elementor-element elementor-element-c43144e\" data-id=\"c43144e\" data-element_type=\"column\" data-e-type=\"column\">\n\t\t\t<div class=\"elementor-widget-wrap elementor-element-populated\">\n\t\t\t\t\t\t<div class=\"elementor-element elementor-element-d5466b3 elementor-widget elementor-widget-image\" data-id=\"d5466b3\" data-element_type=\"widget\" data-e-type=\"widget\" data-widget_type=\"image.default\">\n\t\t\t\t<div class=\"elementor-widget-container\">\n\t\t\t\t\t\t\t\t\t\t\t\t\t\t\t<img decoding=\"async\" width=\"500\" height=\"298\" src=\"https:\/\/ivonpescaderia.com\/wp-content\/uploads\/2023\/03\/2.-Bacalao.png\" class=\"attachment-large size-large wp-image-264\" alt=\"Receta Bacalao rebozado con harina y cerveza\" srcset=\"https:\/\/ivonpescaderia.com\/wp-content\/uploads\/2023\/03\/2.-Bacalao.png 500w, https:\/\/ivonpescaderia.com\/wp-content\/uploads\/2023\/03\/2.-Bacalao-300x179.png 300w\" sizes=\"(max-width: 500px) 100vw, 500px\" \/>\t\t\t\t\t\t\t\t\t\t\t\t\t\t\t<\/div>\n\t\t\t\t<\/div>\n\t\t\t\t<div class=\"elementor-element elementor-element-5291c95 elementor-widget elementor-widget-heading\" data-id=\"5291c95\" data-element_type=\"widget\" data-e-type=\"widget\" data-widget_type=\"heading.default\">\n\t\t\t\t<div class=\"elementor-widget-container\">\n\t\t\t\t\t<h3 class=\"elementor-heading-title elementor-size-default\">Ingredientes<\/h3>\t\t\t\t<\/div>\n\t\t\t\t<\/div>\n\t\t\t\t<div class=\"elementor-element elementor-element-a7cc482 elementor-widget elementor-widget-text-editor\" data-id=\"a7cc482\" data-element_type=\"widget\" data-e-type=\"widget\" data-widget_type=\"text-editor.default\">\n\t\t\t\t<div class=\"elementor-widget-container\">\n\t\t\t\t\t\t\t\t\t<p>PARA 4 PERSONAS:<\/p><ul><li class=\"p1\"><span class=\"s1\">4 lomos de bacalao fresco<\/span><\/li><li class=\"p1\"><span class=\"s1\">2 huevos<\/span><\/li><li class=\"p1\"><span class=\"s1\">200g de harina<\/span><\/li><li class=\"p1\"><span class=\"s1\">150ml de cerveza<\/span><\/li><li class=\"p1\"><span class=\"s1\">Sal y pimienta<\/span><\/li><li class=\"p1\"><span class=\"s1\">aceite<\/span><\/li><\/ul>\t\t\t\t\t\t\t\t<\/div>\n\t\t\t\t<\/div>\n\t\t\t\t\t<\/div>\n\t\t<\/div>\n\t\t\t\t\t<\/div>\n\t\t<\/section>\n\t\t\t\t<\/div>\n\t\t","protected":false},"excerpt":{"rendered":"<p>\u00bfQUE\u0301 VAMOS A COCINAR HOY? Elija una de nuestras deliciosas recetas a continuacio\u0301n: Atu\u0301n a la plancha con ajo y perejil Bacalao rebozado Bolitas de pescado caseras para nin\u0303os Dorada a la bilba\u00edna Lenguado a la naranja Lubina a la espalda Lubina a la plancha Tallarines tipo chinos con gambas Ajoarriero a la Navarra Bacalao [&hellip;]<\/p>\n","protected":false},"author":1,"featured_media":0,"parent":0,"menu_order":0,"comment_status":"closed","ping_status":"closed","template":"","meta":{"footnotes":""},"class_list":["post-262","page","type-page","status-publish","hentry"],"_links":{"self":[{"href":"https:\/\/ivonpescaderia.com\/wp-json\/wp\/v2\/pages\/262","targetHints":{"allow":["GET"]}}],"collection":[{"href":"https:\/\/ivonpescaderia.com\/wp-json\/wp\/v2\/pages"}],"about":[{"href":"https:\/\/ivonpescaderia.com\/wp-json\/wp\/v2\/types\/page"}],"author":[{"embeddable":true,"href":"https:\/\/ivonpescaderia.com\/wp-json\/wp\/v2\/users\/1"}],"replies":[{"embeddable":true,"href":"https:\/\/ivonpescaderia.com\/wp-json\/wp\/v2\/comments?post=262"}],"version-history":[{"count":17,"href":"https:\/\/ivonpescaderia.com\/wp-json\/wp\/v2\/pages\/262\/revisions"}],"predecessor-version":[{"id":2798,"href":"https:\/\/ivonpescaderia.com\/wp-json\/wp\/v2\/pages\/262\/revisions\/2798"}],"wp:attachment":[{"href":"https:\/\/ivonpescaderia.com\/wp-json\/wp\/v2\/media?parent=262"}],"curies":[{"name":"wp","href":"https:\/\/api.w.org\/{rel}","templated":true}]}}