{"id":2700,"date":"2020-11-12T20:13:35","date_gmt":"2020-11-12T20:13:35","guid":{"rendered":"https:\/\/www.cockburnapestegui.com\/?page_id=2700"},"modified":"2023-06-01T15:11:30","modified_gmt":"2023-06-01T15:11:30","slug":"politica-privacidad","status":"publish","type":"page","link":"https:\/\/ivonpescaderia.com\/politica-privacidad\/","title":{"rendered":"Pol\u00edtica de privacidad"},"content":{"rendered":"\t\t<div data-elementor-type=\"wp-page\" data-elementor-id=\"2700\" class=\"elementor elementor-2700\" data-elementor-post-type=\"page\">\n\t\t\t\t\t\t<section class=\"elementor-section elementor-top-section elementor-element elementor-element-1c4f29e6 elementor-section-boxed elementor-section-height-default elementor-section-height-default\" data-id=\"1c4f29e6\" data-element_type=\"section\" data-e-type=\"section\">\n\t\t\t\t\t\t<div class=\"elementor-container elementor-column-gap-default\">\n\t\t\t\t\t<div class=\"elementor-column elementor-col-100 elementor-top-column elementor-element elementor-element-4ffa9956\" data-id=\"4ffa9956\" data-element_type=\"column\" data-e-type=\"column\">\n\t\t\t<div class=\"elementor-widget-wrap elementor-element-populated\">\n\t\t\t\t\t\t<div class=\"elementor-element elementor-element-e5e766e elementor-widget elementor-widget-heading\" data-id=\"e5e766e\" data-element_type=\"widget\" data-e-type=\"widget\" data-widget_type=\"heading.default\">\n\t\t\t\t<div class=\"elementor-widget-container\">\n\t\t\t\t\t<h2 class=\"elementor-heading-title elementor-size-default\">Pol\u00edtica de privacidad<\/h2>\t\t\t\t<\/div>\n\t\t\t\t<\/div>\n\t\t\t\t<div class=\"elementor-element elementor-element-88ab56d elementor-widget elementor-widget-accordion\" data-id=\"88ab56d\" data-element_type=\"widget\" data-e-type=\"widget\" data-widget_type=\"accordion.default\">\n\t\t\t\t<div class=\"elementor-widget-container\">\n\t\t\t\t\t\t\t<div class=\"elementor-accordion\">\n\t\t\t\t\t\t\t<div class=\"elementor-accordion-item\">\n\t\t\t\t\t<div id=\"elementor-tab-title-1431\" class=\"elementor-tab-title\" data-tab=\"1\" role=\"button\" aria-controls=\"elementor-tab-content-1431\" aria-expanded=\"false\">\n\t\t\t\t\t\t\t\t\t\t\t\t\t<span class=\"elementor-accordion-icon elementor-accordion-icon-left\" aria-hidden=\"true\">\n\t\t\t\t\t\t\t\t\t\t\t\t\t\t\t<span class=\"elementor-accordion-icon-closed\"><i class=\"fas fa-plus\"><\/i><\/span>\n\t\t\t\t\t\t\t\t<span class=\"elementor-accordion-icon-opened\"><i class=\"fas fa-minus\"><\/i><\/span>\n\t\t\t\t\t\t\t\t\t\t\t\t\t\t<\/span>\n\t\t\t\t\t\t\t\t\t\t\t\t<a class=\"elementor-accordion-title\" tabindex=\"0\">Menores de edad<\/a>\n\t\t\t\t\t<\/div>\n\t\t\t\t\t<div id=\"elementor-tab-content-1431\" class=\"elementor-tab-content elementor-clearfix\" data-tab=\"1\" role=\"region\" aria-labelledby=\"elementor-tab-title-1431\"><p>Conforme a lo dispuesto en la normativa de protecci\u00f3n de datos Pescader\u00eda Ivon determina como requisito indispensable para que puedas acceder a esta web que tengas m\u00e1s de 16 a\u00f1os. Si eres menor de 16 a\u00f1os y has accedido a este sitio web no debes mandar este formulario.<\/p><p>La responsabilidad de la veracidad de esta informaci\u00f3n recae sobre ti. Pescader\u00eda Ivon en el supuesto de que compruebe que no se cumple el citado requisito, tiene la potestad para hacer caso omiso a la solicitud de informaci\u00f3n remitida. En ning\u00fan caso se recabar\u00e1n del menor de edad datos relativos a la situaci\u00f3n profesional, econ\u00f3mica o a la intimidad de los otros miembros de la familia, sin el consentimiento de \u00e9stos.<\/p><\/div>\n\t\t\t\t<\/div>\n\t\t\t\t\t\t\t<div class=\"elementor-accordion-item\">\n\t\t\t\t\t<div id=\"elementor-tab-title-1432\" class=\"elementor-tab-title\" data-tab=\"2\" role=\"button\" aria-controls=\"elementor-tab-content-1432\" aria-expanded=\"false\">\n\t\t\t\t\t\t\t\t\t\t\t\t\t<span class=\"elementor-accordion-icon elementor-accordion-icon-left\" aria-hidden=\"true\">\n\t\t\t\t\t\t\t\t\t\t\t\t\t\t\t<span class=\"elementor-accordion-icon-closed\"><i class=\"fas fa-plus\"><\/i><\/span>\n\t\t\t\t\t\t\t\t<span class=\"elementor-accordion-icon-opened\"><i class=\"fas fa-minus\"><\/i><\/span>\n\t\t\t\t\t\t\t\t\t\t\t\t\t\t<\/span>\n\t\t\t\t\t\t\t\t\t\t\t\t<a class=\"elementor-accordion-title\" tabindex=\"0\">\u00bfQui\u00e9n es el Responsable del tratamiento de tus datos?<\/a>\n\t\t\t\t\t<\/div>\n\t\t\t\t\t<div id=\"elementor-tab-content-1432\" class=\"elementor-tab-content elementor-clearfix\" data-tab=\"2\" role=\"region\" aria-labelledby=\"elementor-tab-title-1432\"><p><strong>Titular<\/strong>: Ivon Melissa Pineda Ruiz (Pescader\u00eda Ivon)<br \/><strong>CIF<\/strong>: 73633693K<br \/><strong>Direcci\u00f3n<\/strong>: Marti\u0301n Azpilicueta, 15. 31011 Pamplona<br \/><strong>Tel\u00e9fono<\/strong>: +34 948 255 291<br \/><strong>Direcci\u00f3n de correo electr\u00f3nico<\/strong>: ivonpescaderia@gmail.com<\/p><\/div>\n\t\t\t\t<\/div>\n\t\t\t\t\t\t\t<div class=\"elementor-accordion-item\">\n\t\t\t\t\t<div id=\"elementor-tab-title-1433\" class=\"elementor-tab-title\" data-tab=\"3\" role=\"button\" aria-controls=\"elementor-tab-content-1433\" aria-expanded=\"false\">\n\t\t\t\t\t\t\t\t\t\t\t\t\t<span class=\"elementor-accordion-icon elementor-accordion-icon-left\" aria-hidden=\"true\">\n\t\t\t\t\t\t\t\t\t\t\t\t\t\t\t<span class=\"elementor-accordion-icon-closed\"><i class=\"fas fa-plus\"><\/i><\/span>\n\t\t\t\t\t\t\t\t<span class=\"elementor-accordion-icon-opened\"><i class=\"fas fa-minus\"><\/i><\/span>\n\t\t\t\t\t\t\t\t\t\t\t\t\t\t<\/span>\n\t\t\t\t\t\t\t\t\t\t\t\t<a class=\"elementor-accordion-title\" tabindex=\"0\">\u00bfCon qu\u00e9 finalidad tratamos tus datos personales?<\/a>\n\t\t\t\t\t<\/div>\n\t\t\t\t\t<div id=\"elementor-tab-content-1433\" class=\"elementor-tab-content elementor-clearfix\" data-tab=\"3\" role=\"region\" aria-labelledby=\"elementor-tab-title-1433\"><p>Los datos que nos mandes por correo electr\u00f3nico los empleamos para contestar a la solicitud de informaci\u00f3n planteada.<\/p><p>Cualquier modificaci\u00f3n que pueda en su caso producirse en los datos de car\u00e1cter personal, deber\u00e1 ser puesta en conocimiento por parte del titular de los mismos, respondiendo en cualquier caso de la veracidad y exactitud de los datos suministrados en cada momento.<\/p><\/div>\n\t\t\t\t<\/div>\n\t\t\t\t\t\t\t<div class=\"elementor-accordion-item\">\n\t\t\t\t\t<div id=\"elementor-tab-title-1434\" class=\"elementor-tab-title\" data-tab=\"4\" role=\"button\" aria-controls=\"elementor-tab-content-1434\" aria-expanded=\"false\">\n\t\t\t\t\t\t\t\t\t\t\t\t\t<span class=\"elementor-accordion-icon elementor-accordion-icon-left\" aria-hidden=\"true\">\n\t\t\t\t\t\t\t\t\t\t\t\t\t\t\t<span class=\"elementor-accordion-icon-closed\"><i class=\"fas fa-plus\"><\/i><\/span>\n\t\t\t\t\t\t\t\t<span class=\"elementor-accordion-icon-opened\"><i class=\"fas fa-minus\"><\/i><\/span>\n\t\t\t\t\t\t\t\t\t\t\t\t\t\t<\/span>\n\t\t\t\t\t\t\t\t\t\t\t\t<a class=\"elementor-accordion-title\" tabindex=\"0\">\u00bfPor cu\u00e1nto tiempo conservaremos tus datos?<\/a>\n\t\t\t\t\t<\/div>\n\t\t\t\t\t<div id=\"elementor-tab-content-1434\" class=\"elementor-tab-content elementor-clearfix\" data-tab=\"4\" role=\"region\" aria-labelledby=\"elementor-tab-title-1434\"><p>Tus datos ser\u00e1n conservados mientras no revoques tu consentimiento para que los tratemos, en cuyo caso tus datos ser\u00e1n conservados \u00fanicamente durante el plazo exigido por la normativa legal aplicable<\/p><p>Tratamos tus datos de manera l\u00edcita, leal, transparente, adecuada, pertinente, limitada, exacta y actualizada. Es por ello que nos comprometemos a adoptar todas las medidas razonables para que estos se supriman o rectifiquen sin dilaci\u00f3n cuando sean inexactos.<\/p><\/div>\n\t\t\t\t<\/div>\n\t\t\t\t\t\t\t<div class=\"elementor-accordion-item\">\n\t\t\t\t\t<div id=\"elementor-tab-title-1435\" class=\"elementor-tab-title\" data-tab=\"5\" role=\"button\" aria-controls=\"elementor-tab-content-1435\" aria-expanded=\"false\">\n\t\t\t\t\t\t\t\t\t\t\t\t\t<span class=\"elementor-accordion-icon elementor-accordion-icon-left\" aria-hidden=\"true\">\n\t\t\t\t\t\t\t\t\t\t\t\t\t\t\t<span class=\"elementor-accordion-icon-closed\"><i class=\"fas fa-plus\"><\/i><\/span>\n\t\t\t\t\t\t\t\t<span class=\"elementor-accordion-icon-opened\"><i class=\"fas fa-minus\"><\/i><\/span>\n\t\t\t\t\t\t\t\t\t\t\t\t\t\t<\/span>\n\t\t\t\t\t\t\t\t\t\t\t\t<a class=\"elementor-accordion-title\" tabindex=\"0\">\u00bfCu\u00e1l es la legitimaci\u00f3n para el tratamiento de tus datos?<\/a>\n\t\t\t\t\t<\/div>\n\t\t\t\t\t<div id=\"elementor-tab-content-1435\" class=\"elementor-tab-content elementor-clearfix\" data-tab=\"5\" role=\"region\" aria-labelledby=\"elementor-tab-title-1435\"><p>La base jur\u00eddica para el tratamiento de tus datos es\u00a0tu consentimiento\u00a0manifestado expresamente al remitirnos un correo electr\u00f3nico.<\/p><p>En el caso de que se suministren datos de terceros, declaras contar con el consentimiento de los titulares de los mismos para la citada comunicaci\u00f3n de datos o en su caso ostentar su representaci\u00f3n legal, eximiendo de toda responsabilidad a Pescader\u00eda Ivon.<\/p><\/div>\n\t\t\t\t<\/div>\n\t\t\t\t\t\t\t<div class=\"elementor-accordion-item\">\n\t\t\t\t\t<div id=\"elementor-tab-title-1436\" class=\"elementor-tab-title\" data-tab=\"6\" role=\"button\" aria-controls=\"elementor-tab-content-1436\" aria-expanded=\"false\">\n\t\t\t\t\t\t\t\t\t\t\t\t\t<span class=\"elementor-accordion-icon elementor-accordion-icon-left\" aria-hidden=\"true\">\n\t\t\t\t\t\t\t\t\t\t\t\t\t\t\t<span class=\"elementor-accordion-icon-closed\"><i class=\"fas fa-plus\"><\/i><\/span>\n\t\t\t\t\t\t\t\t<span class=\"elementor-accordion-icon-opened\"><i class=\"fas fa-minus\"><\/i><\/span>\n\t\t\t\t\t\t\t\t\t\t\t\t\t\t<\/span>\n\t\t\t\t\t\t\t\t\t\t\t\t<a class=\"elementor-accordion-title\" tabindex=\"0\">\u00bfQu\u00e9 tipos de datos tratamos?<\/a>\n\t\t\t\t\t<\/div>\n\t\t\t\t\t<div id=\"elementor-tab-content-1436\" class=\"elementor-tab-content elementor-clearfix\" data-tab=\"6\" role=\"region\" aria-labelledby=\"elementor-tab-title-1436\"><p>Las categor\u00edas de datos que se tratamos son datos identificativos y direcci\u00f3n IP.<\/p><p>No tratamos categor\u00edas especiales de datos personales.<\/p><\/div>\n\t\t\t\t<\/div>\n\t\t\t\t\t\t\t<div class=\"elementor-accordion-item\">\n\t\t\t\t\t<div id=\"elementor-tab-title-1437\" class=\"elementor-tab-title\" data-tab=\"7\" role=\"button\" aria-controls=\"elementor-tab-content-1437\" aria-expanded=\"false\">\n\t\t\t\t\t\t\t\t\t\t\t\t\t<span class=\"elementor-accordion-icon elementor-accordion-icon-left\" aria-hidden=\"true\">\n\t\t\t\t\t\t\t\t\t\t\t\t\t\t\t<span class=\"elementor-accordion-icon-closed\"><i class=\"fas fa-plus\"><\/i><\/span>\n\t\t\t\t\t\t\t\t<span class=\"elementor-accordion-icon-opened\"><i class=\"fas fa-minus\"><\/i><\/span>\n\t\t\t\t\t\t\t\t\t\t\t\t\t\t<\/span>\n\t\t\t\t\t\t\t\t\t\t\t\t<a class=\"elementor-accordion-title\" tabindex=\"0\">\u00bfA qu\u00e9 destinatarios se comunicar\u00e1n tus datos?<\/a>\n\t\t\t\t\t<\/div>\n\t\t\t\t\t<div id=\"elementor-tab-content-1437\" class=\"elementor-tab-content elementor-clearfix\" data-tab=\"7\" role=\"region\" aria-labelledby=\"elementor-tab-title-1437\"><p>Los datos no se ceder\u00e1n a terceros salvo en los casos en que exista una obligaci\u00f3n legal o sea preciso para el cumplimiento de la finalidad del tratamiento.<\/p><p>En este \u00faltimo sentido, para prestar servicios estrictamente necesarios para el desarrollo de nuestra actividad, Pescader\u00eda Ivon, comparte datos con prestadores de servicios tales como el servicio de alojamiento o el administrador de la web, proveedores con quienes tenemos firmados los correspondientes contratos de encargado de tratamiento conforme a la normativa vigente en materia de protecci\u00f3n de datos.<\/p><p>Todas las utilidades ofrecidas por terceros son estrictamente necesarias para el desarrollo de nuestros servicios y han sido seleccionadas atendiendo al cumplimiento de los derechos que preservamos en esta web.<\/p><\/div>\n\t\t\t\t<\/div>\n\t\t\t\t\t\t\t<div class=\"elementor-accordion-item\">\n\t\t\t\t\t<div id=\"elementor-tab-title-1438\" class=\"elementor-tab-title\" data-tab=\"8\" role=\"button\" aria-controls=\"elementor-tab-content-1438\" aria-expanded=\"false\">\n\t\t\t\t\t\t\t\t\t\t\t\t\t<span class=\"elementor-accordion-icon elementor-accordion-icon-left\" aria-hidden=\"true\">\n\t\t\t\t\t\t\t\t\t\t\t\t\t\t\t<span class=\"elementor-accordion-icon-closed\"><i class=\"fas fa-plus\"><\/i><\/span>\n\t\t\t\t\t\t\t\t<span class=\"elementor-accordion-icon-opened\"><i class=\"fas fa-minus\"><\/i><\/span>\n\t\t\t\t\t\t\t\t\t\t\t\t\t\t<\/span>\n\t\t\t\t\t\t\t\t\t\t\t\t<a class=\"elementor-accordion-title\" tabindex=\"0\">\u00bfCu\u00e1les son tus derechos cuando nos facilitas tus datos?<\/a>\n\t\t\t\t\t<\/div>\n\t\t\t\t\t<div id=\"elementor-tab-content-1438\" class=\"elementor-tab-content elementor-clearfix\" data-tab=\"8\" role=\"region\" aria-labelledby=\"elementor-tab-title-1438\"><table width=\"100%\"><tbody><tr><td width=\"79\"><strong>Derecho<\/strong><\/td><td width=\"146\"><strong>Contenido<\/strong><\/td><td width=\"172\"><strong>Canales de atenci\u00f3n<\/strong><\/td><\/tr><tr><td width=\"79\"><strong>Acceso<\/strong><\/td><td width=\"146\">Tienes derecho a obtener confirmaci\u00f3n sobre si Pescader\u00eda Ivon est\u00e1 tratando tus datos personales.<\/td><td rowspan=\"6\" width=\"172\"><p>ivonpescaderia@gmail.com<\/p><p>Marti\u0301n Azpilicueta, 15.<br \/>31011 Pamplona, Navarra<\/p><\/td><\/tr><tr><td width=\"79\"><strong>Rectificaci\u00f3n<\/strong><\/td><td width=\"146\">Podr\u00e1s modificar tus datos cuando sean inexactos.<\/td><\/tr><tr><td width=\"79\"><strong>Supresi\u00f3n<\/strong><\/td><td width=\"146\">Podr\u00e1s solicitar la supresi\u00f3n de tus datos.<\/td><\/tr><tr><td width=\"79\"><strong>Oposici\u00f3n<\/strong><\/td><td width=\"146\">Podr\u00e1s solicitar que se dejen de tratar tus datos.<\/td><\/tr><tr><td width=\"79\"><strong>Limitaci\u00f3n del tratamiento<\/strong><\/td><td width=\"146\"><p>Podr\u00e1s solicitar la limitaci\u00f3n al tratamiento de tus datos cuando:<\/p><ul><li>Mientras se comprueba la impugnaci\u00f3n de la exactitud de tus datos.<\/li><li>Cuando el tratamiento es il\u00edcito y te opongas a la supresi\u00f3n de los datos.<\/li><li>Cuando Pescader\u00eda Ivon no necesite tratar tus datos, pero t\u00fa los necesites para el ejercicio o la defensa de reclamaciones.<\/li><li>Cuando te hayas opuesto al tratamiento de tus datos para la satisfacci\u00f3n de un inter\u00e9s leg\u00edtimo de Pescader\u00eda Ivon, mientras se verifica si este inter\u00e9s prevalece sobre tus derechos y libertades.<\/li><\/ul><\/td><\/tr><tr><td width=\"79\"><strong>Portabilidad<\/strong><\/td><td width=\"146\">Podr\u00e1s recibir, en formato electr\u00f3nico, los datos personales que nos hayas facilitado y aquellos que se hayan obtenido de tu relaci\u00f3n contractual con Pescader\u00eda Ivon, as\u00ed como a que los trasmitamos a otra entidad a tu elecci\u00f3n.<\/td><\/tr><tr><td colspan=\"3\" width=\"397\"><strong>Si entiendas que tu solicitud no ha sido correctamente atendida puedes dirigirte a la Agencia Espa\u00f1ola de Protecci\u00f3n de datos (www.agpd.es) y presentar una reclamaci\u00f3n.<\/strong><\/td><\/tr><tr><td colspan=\"3\" width=\"397\"><strong>Para ejercitar tus derechos acompa\u00f1a a tu solicitud una copia de tu DNI o documento acreditativo de tu identidad.<\/strong><\/td><\/tr><tr><td colspan=\"3\" width=\"397\"><strong>El ejercicio de estos derechos es gratuito.<\/strong><\/td><\/tr><\/tbody><\/table><\/div>\n\t\t\t\t<\/div>\n\t\t\t\t\t\t\t<div class=\"elementor-accordion-item\">\n\t\t\t\t\t<div id=\"elementor-tab-title-1439\" class=\"elementor-tab-title\" data-tab=\"9\" role=\"button\" aria-controls=\"elementor-tab-content-1439\" aria-expanded=\"false\">\n\t\t\t\t\t\t\t\t\t\t\t\t\t<span class=\"elementor-accordion-icon elementor-accordion-icon-left\" aria-hidden=\"true\">\n\t\t\t\t\t\t\t\t\t\t\t\t\t\t\t<span class=\"elementor-accordion-icon-closed\"><i class=\"fas fa-plus\"><\/i><\/span>\n\t\t\t\t\t\t\t\t<span class=\"elementor-accordion-icon-opened\"><i class=\"fas fa-minus\"><\/i><\/span>\n\t\t\t\t\t\t\t\t\t\t\t\t\t\t<\/span>\n\t\t\t\t\t\t\t\t\t\t\t\t<a class=\"elementor-accordion-title\" tabindex=\"0\">Comunicaciones comerciales por medios electr\u00f3nicos<\/a>\n\t\t\t\t\t<\/div>\n\t\t\t\t\t<div id=\"elementor-tab-content-1439\" class=\"elementor-tab-content elementor-clearfix\" data-tab=\"9\" role=\"region\" aria-labelledby=\"elementor-tab-title-1439\"><p>Pescader\u00eda Ivon te informa que da cumplimiento a la Ley 34\/2002 de 11 de julio, de Servicios de la Sociedad de la Informaci\u00f3n y el Comercio Electr\u00f3nico y no realiza pr\u00e1cticas de SPAM, por ello te solicitar\u00e1 tu consentimiento al tratamiento de tu correo electr\u00f3nico o tel\u00e9fono m\u00f3vil con fines comerciales en cada momento.<\/p><\/div>\n\t\t\t\t<\/div>\n\t\t\t\t\t\t\t<div class=\"elementor-accordion-item\">\n\t\t\t\t\t<div id=\"elementor-tab-title-14310\" class=\"elementor-tab-title\" data-tab=\"10\" role=\"button\" aria-controls=\"elementor-tab-content-14310\" aria-expanded=\"false\">\n\t\t\t\t\t\t\t\t\t\t\t\t\t<span class=\"elementor-accordion-icon elementor-accordion-icon-left\" aria-hidden=\"true\">\n\t\t\t\t\t\t\t\t\t\t\t\t\t\t\t<span class=\"elementor-accordion-icon-closed\"><i class=\"fas fa-plus\"><\/i><\/span>\n\t\t\t\t\t\t\t\t<span class=\"elementor-accordion-icon-opened\"><i class=\"fas fa-minus\"><\/i><\/span>\n\t\t\t\t\t\t\t\t\t\t\t\t\t\t<\/span>\n\t\t\t\t\t\t\t\t\t\t\t\t<a class=\"elementor-accordion-title\" tabindex=\"0\">Actualizaci\u00f3n de la pol\u00edtica de privacidad<\/a>\n\t\t\t\t\t<\/div>\n\t\t\t\t\t<div id=\"elementor-tab-content-14310\" class=\"elementor-tab-content elementor-clearfix\" data-tab=\"10\" role=\"region\" aria-labelledby=\"elementor-tab-title-14310\"><p>Pescader\u00eda Ivon se reserva el derecho de modificar su pol\u00edtica de privacidad o condiciones de uso de sus servicios por motivos de adaptaci\u00f3n a la legislaci\u00f3n vigente, u otros motivos, cuando esto ocurra, te avisaremos de cualquier cambio y te pediremos que vuelvas a leer la versi\u00f3n m\u00e1s reciente de nuestra pol\u00edtica y en su caso que confirmes su aceptaci\u00f3n. Se asegura la absoluta confidencialidad y privacidad de los datos personales recogidos y por ello se han adoptado medidas de seguridad a fin de evitar la alteraci\u00f3n, p\u00e9rdida, tratamiento o acceso no autorizado, y garantizar as\u00ed su integridad, disponibilidad y seguridad. Sin embargo, Pescader\u00eda Ivon no ser\u00e1 responsable de las incidencias que puedan surgir en torno a datos personales cuando estas se deriven: bien de un ataque o acceso no autorizado a los sistemas de tal forma que resulte imposible detectarlo o impedirlo a\u00fan adopt\u00e1ndose las medidas seg\u00fan el estado de la tecnolog\u00eda actual.<\/p><\/div>\n\t\t\t\t<\/div>\n\t\t\t\t\t\t\t\t<\/div>\n\t\t\t\t\t\t<\/div>\n\t\t\t\t<\/div>\n\t\t\t\t\t<\/div>\n\t\t<\/div>\n\t\t\t\t\t<\/div>\n\t\t<\/section>\n\t\t\t\t<\/div>\n\t\t","protected":false},"excerpt":{"rendered":"<p>Pol\u00edtica de privacidad Menores de edad Conforme a lo dispuesto en la normativa de protecci\u00f3n de datos Pescader\u00eda Ivon determina como requisito indispensable para que puedas acceder a esta web que tengas m\u00e1s de 16 a\u00f1os. Si eres menor de 16 a\u00f1os y has accedido a este sitio web no debes mandar este formulario. La [&hellip;]<\/p>\n","protected":false},"author":1,"featured_media":0,"parent":0,"menu_order":0,"comment_status":"closed","ping_status":"closed","template":"","meta":{"footnotes":""},"class_list":["post-2700","page","type-page","status-publish","hentry"],"_links":{"self":[{"href":"https:\/\/ivonpescaderia.com\/wp-json\/wp\/v2\/pages\/2700","targetHints":{"allow":["GET"]}}],"collection":[{"href":"https:\/\/ivonpescaderia.com\/wp-json\/wp\/v2\/pages"}],"about":[{"href":"https:\/\/ivonpescaderia.com\/wp-json\/wp\/v2\/types\/page"}],"author":[{"embeddable":true,"href":"https:\/\/ivonpescaderia.com\/wp-json\/wp\/v2\/users\/1"}],"replies":[{"embeddable":true,"href":"https:\/\/ivonpescaderia.com\/wp-json\/wp\/v2\/comments?post=2700"}],"version-history":[{"count":21,"href":"https:\/\/ivonpescaderia.com\/wp-json\/wp\/v2\/pages\/2700\/revisions"}],"predecessor-version":[{"id":2910,"href":"https:\/\/ivonpescaderia.com\/wp-json\/wp\/v2\/pages\/2700\/revisions\/2910"}],"wp:attachment":[{"href":"https:\/\/ivonpescaderia.com\/wp-json\/wp\/v2\/media?parent=2700"}],"curies":[{"name":"wp","href":"https:\/\/api.w.org\/{rel}","templated":true}]}}