{"id":2827,"date":"2023-03-22T17:22:18","date_gmt":"2023-03-22T17:22:18","guid":{"rendered":"https:\/\/ivonpescaderia.com\/politica-de-cookies-ue\/"},"modified":"2023-03-22T17:22:18","modified_gmt":"2023-03-22T17:22:18","slug":"politica-de-cookies-ue","status":"publish","type":"page","link":"https:\/\/ivonpescaderia.com\/politica-de-cookies-ue\/","title":{"rendered":"Pol\u00edtica de cookies (UE)"},"content":{"rendered":"La regi\u00f3n EU no est\u00e1 activada para cookie-statement.\n","protected":false},"excerpt":{"rendered":"","protected":false},"author":1,"featured_media":0,"parent":0,"menu_order":0,"comment_status":"closed","ping_status":"closed","template":"","meta":{"footnotes":""},"class_list":["post-2827","page","type-page","status-publish","hentry"],"_links":{"self":[{"href":"https:\/\/ivonpescaderia.com\/wp-json\/wp\/v2\/pages\/2827","targetHints":{"allow":["GET"]}}],"collection":[{"href":"https:\/\/ivonpescaderia.com\/wp-json\/wp\/v2\/pages"}],"about":[{"href":"https:\/\/ivonpescaderia.com\/wp-json\/wp\/v2\/types\/page"}],"author":[{"embeddable":true,"href":"https:\/\/ivonpescaderia.com\/wp-json\/wp\/v2\/users\/1"}],"replies":[{"embeddable":true,"href":"https:\/\/ivonpescaderia.com\/wp-json\/wp\/v2\/comments?post=2827"}],"version-history":[{"count":0,"href":"https:\/\/ivonpescaderia.com\/wp-json\/wp\/v2\/pages\/2827\/revisions"}],"wp:attachment":[{"href":"https:\/\/ivonpescaderia.com\/wp-json\/wp\/v2\/media?parent=2827"}],"curies":[{"name":"wp","href":"https:\/\/api.w.org\/{rel}","templated":true}]}}