{"id":2832,"date":"2023-03-22T17:58:39","date_gmt":"2023-03-22T17:58:39","guid":{"rendered":"https:\/\/ivonpescaderia.com\/?page_id=2832"},"modified":"2023-06-01T14:46:33","modified_gmt":"2023-06-01T14:46:33","slug":"declaracion-de-accesibilidad","status":"publish","type":"page","link":"https:\/\/ivonpescaderia.com\/declaracion-de-accesibilidad\/","title":{"rendered":"Declaraci\u00f3n de accesibilidad"},"content":{"rendered":"\t\t<div data-elementor-type=\"wp-page\" data-elementor-id=\"2832\" class=\"elementor elementor-2832\" data-elementor-post-type=\"page\">\n\t\t\t\t\t\t<section class=\"elementor-section elementor-top-section elementor-element elementor-element-4d4a726b elementor-section-boxed elementor-section-height-default elementor-section-height-default\" data-id=\"4d4a726b\" data-element_type=\"section\" data-e-type=\"section\">\n\t\t\t\t\t\t<div class=\"elementor-container elementor-column-gap-default\">\n\t\t\t\t\t<div class=\"elementor-column elementor-col-100 elementor-top-column elementor-element elementor-element-783c2fc8\" data-id=\"783c2fc8\" data-element_type=\"column\" data-e-type=\"column\">\n\t\t\t<div class=\"elementor-widget-wrap elementor-element-populated\">\n\t\t\t\t\t\t<div class=\"elementor-element elementor-element-3f8b38e elementor-widget elementor-widget-heading\" data-id=\"3f8b38e\" data-element_type=\"widget\" data-e-type=\"widget\" data-widget_type=\"heading.default\">\n\t\t\t\t<div class=\"elementor-widget-container\">\n\t\t\t\t\t<h2 class=\"elementor-heading-title elementor-size-default\">Declaraci\u00f3n de accesibilidad<\/h2>\t\t\t\t<\/div>\n\t\t\t\t<\/div>\n\t\t\t\t<div class=\"elementor-element elementor-element-69af6447 elementor-widget elementor-widget-text-editor\" data-id=\"69af6447\" data-element_type=\"widget\" data-e-type=\"widget\" data-widget_type=\"text-editor.default\">\n\t\t\t\t<div class=\"elementor-widget-container\">\n\t\t\t\t\t\t\t\t\t<p><strong>Pescader\u00eda Ivon<\/strong>\u00a0se compromete a proporcionar un sitio web accesible para una audiencia lo m\u00e1s amplia posible, independientemente de las circunstancias y la capacidad. Nuestro objetivo es cumplir de la manera m\u00e1s cercana posible a las Pautas de Accesibilidad para el Contenido Web (WCAG 2.0, Nivel AA), publicadas por el Consorcio WWW, o seg\u00fan su nombre en ingl\u00e9s, World Wide Web Consortuium (W3C). Estas pautas explican c\u00f3mo lograr que el contenido web sea m\u00e1s accesible para las personas con discapacidad. El cumplimiento de estas pautas ayudar\u00e1 a que el sitio sea m\u00e1s f\u00e1cil de usar y amigable para todos los usuarios. Si bien<strong> Pescader\u00eda Ivon<\/strong>\u00a0se esfuerza por cumplir con las pautas y est\u00e1ndares de accesibilidad, no siempre es posible hacerlo en todas sus \u00e1reas y actualmente estamos trabajando para lograrlo. Ten en cuenta que debido a la naturaleza din\u00e1mica del sitio web, pueden surgir inconvenientes menores, ya que se actualiza con regularidad. Continuamente buscamos soluciones que lleven todas las \u00e1reas del sitio al mismo nivel de accesibilidad web general.<\/p><p>Si tienes alg\u00fan comentario o sugerencia relacionados con la mejora de la accesibilidad de nuestro sitio, por favor no dudes en contactar a nuestro coordinador de accesibilidad <strong>ivonpescaderia@gmail.com<\/strong>. Tus comentarios nos ayudar\u00e1n a hacer las mejoras.<\/p>\t\t\t\t\t\t\t\t<\/div>\n\t\t\t\t<\/div>\n\t\t\t\t\t<\/div>\n\t\t<\/div>\n\t\t\t\t\t<\/div>\n\t\t<\/section>\n\t\t\t\t<\/div>\n\t\t","protected":false},"excerpt":{"rendered":"<p>Declaraci\u00f3n de accesibilidad Pescader\u00eda Ivon\u00a0se compromete a proporcionar un sitio web accesible para una audiencia lo m\u00e1s amplia posible, independientemente de las circunstancias y la capacidad. Nuestro objetivo es cumplir de la manera m\u00e1s cercana posible a las Pautas de Accesibilidad para el Contenido Web (WCAG 2.0, Nivel AA), publicadas por el Consorcio WWW, o [&hellip;]<\/p>\n","protected":false},"author":1,"featured_media":0,"parent":0,"menu_order":0,"comment_status":"closed","ping_status":"closed","template":"","meta":{"footnotes":""},"class_list":["post-2832","page","type-page","status-publish","hentry"],"_links":{"self":[{"href":"https:\/\/ivonpescaderia.com\/wp-json\/wp\/v2\/pages\/2832","targetHints":{"allow":["GET"]}}],"collection":[{"href":"https:\/\/ivonpescaderia.com\/wp-json\/wp\/v2\/pages"}],"about":[{"href":"https:\/\/ivonpescaderia.com\/wp-json\/wp\/v2\/types\/page"}],"author":[{"embeddable":true,"href":"https:\/\/ivonpescaderia.com\/wp-json\/wp\/v2\/users\/1"}],"replies":[{"embeddable":true,"href":"https:\/\/ivonpescaderia.com\/wp-json\/wp\/v2\/comments?post=2832"}],"version-history":[{"count":4,"href":"https:\/\/ivonpescaderia.com\/wp-json\/wp\/v2\/pages\/2832\/revisions"}],"predecessor-version":[{"id":2836,"href":"https:\/\/ivonpescaderia.com\/wp-json\/wp\/v2\/pages\/2832\/revisions\/2836"}],"wp:attachment":[{"href":"https:\/\/ivonpescaderia.com\/wp-json\/wp\/v2\/media?parent=2832"}],"curies":[{"name":"wp","href":"https:\/\/api.w.org\/{rel}","templated":true}]}}