{"id":291,"date":"2023-03-22T12:32:02","date_gmt":"2023-03-22T12:32:02","guid":{"rendered":"https:\/\/ivonpescaderia.com\/?page_id=291"},"modified":"2023-03-22T17:02:53","modified_gmt":"2023-03-22T17:02:53","slug":"receta-dorada-a-la-bilbaina","status":"publish","type":"page","link":"https:\/\/ivonpescaderia.com\/receta-dorada-a-la-bilbaina\/","title":{"rendered":"Dorada a la bilba\u00edna"},"content":{"rendered":"\t\t<div data-elementor-type=\"wp-page\" data-elementor-id=\"291\" class=\"elementor elementor-291\" data-elementor-post-type=\"page\">\n\t\t\t\t\t\t<section class=\"elementor-section elementor-top-section elementor-element elementor-element-ec5c972 elementor-section-height-min-height elementor-section-boxed elementor-section-height-default elementor-section-items-middle\" data-id=\"ec5c972\" data-element_type=\"section\" data-e-type=\"section\" data-settings=\"{&quot;background_background&quot;:&quot;slideshow&quot;,&quot;background_slideshow_gallery&quot;:[{&quot;id&quot;:220,&quot;url&quot;:&quot;https:\\\/\\\/ivonpescaderia.com\\\/wp-content\\\/uploads\\\/2023\\\/03\\\/Recetas-pescado-scaled.jpg&quot;}],&quot;background_slideshow_slide_duration&quot;:2000,&quot;background_slideshow_ken_burns&quot;:&quot;yes&quot;,&quot;background_slideshow_loop&quot;:&quot;yes&quot;,&quot;background_slideshow_slide_transition&quot;:&quot;fade&quot;,&quot;background_slideshow_transition_duration&quot;:500,&quot;background_slideshow_ken_burns_zoom_direction&quot;:&quot;in&quot;}\">\n\t\t\t\t\t\t<div class=\"elementor-container elementor-column-gap-default\">\n\t\t\t\t\t<div class=\"elementor-column elementor-col-100 elementor-top-column elementor-element elementor-element-5df9992\" data-id=\"5df9992\" data-element_type=\"column\" data-e-type=\"column\">\n\t\t\t<div class=\"elementor-widget-wrap\">\n\t\t\t\t\t\t\t<\/div>\n\t\t<\/div>\n\t\t\t\t\t<\/div>\n\t\t<\/section>\n\t\t\t\t<section class=\"elementor-section elementor-top-section elementor-element elementor-element-e251ec3 elementor-reverse-mobile elementor-section-boxed elementor-section-height-default elementor-section-height-default\" data-id=\"e251ec3\" data-element_type=\"section\" data-e-type=\"section\">\n\t\t\t\t\t\t<div class=\"elementor-container elementor-column-gap-default\">\n\t\t\t\t\t<div class=\"elementor-column elementor-col-33 elementor-top-column elementor-element elementor-element-9c35404\" data-id=\"9c35404\" data-element_type=\"column\" data-e-type=\"column\">\n\t\t\t<div class=\"elementor-widget-wrap elementor-element-populated\">\n\t\t\t\t\t\t<div class=\"elementor-element elementor-element-d53d4c0 elementor-widget elementor-widget-image\" data-id=\"d53d4c0\" data-element_type=\"widget\" data-e-type=\"widget\" data-widget_type=\"image.default\">\n\t\t\t\t<div class=\"elementor-widget-container\">\n\t\t\t\t\t\t\t\t\t\t\t\t\t\t\t<img fetchpriority=\"high\" decoding=\"async\" width=\"257\" height=\"236\" src=\"https:\/\/ivonpescaderia.com\/wp-content\/uploads\/2023\/03\/Recetas-icon.png\" class=\"attachment-large size-large wp-image-221\" alt=\"Recetas-icon\" \/>\t\t\t\t\t\t\t\t\t\t\t\t\t\t\t<\/div>\n\t\t\t\t<\/div>\n\t\t\t\t\t<\/div>\n\t\t<\/div>\n\t\t\t\t<div class=\"elementor-column elementor-col-66 elementor-top-column elementor-element elementor-element-17a7117\" data-id=\"17a7117\" data-element_type=\"column\" data-e-type=\"column\">\n\t\t\t<div class=\"elementor-widget-wrap elementor-element-populated\">\n\t\t\t\t\t\t<div class=\"elementor-element elementor-element-27cabaf elementor-widget elementor-widget-heading\" data-id=\"27cabaf\" data-element_type=\"widget\" data-e-type=\"widget\" data-widget_type=\"heading.default\">\n\t\t\t\t<div class=\"elementor-widget-container\">\n\t\t\t\t\t<h2 class=\"elementor-heading-title elementor-size-default\">\u00bfQUE\u0301 VAMOS A COCINAR HOY?<\/h2>\t\t\t\t<\/div>\n\t\t\t\t<\/div>\n\t\t\t\t<div class=\"elementor-element elementor-element-962cecf elementor-widget elementor-widget-spacer\" data-id=\"962cecf\" data-element_type=\"widget\" data-e-type=\"widget\" data-widget_type=\"spacer.default\">\n\t\t\t\t<div class=\"elementor-widget-container\">\n\t\t\t\t\t\t\t<div class=\"elementor-spacer\">\n\t\t\t<div class=\"elementor-spacer-inner\"><\/div>\n\t\t<\/div>\n\t\t\t\t\t\t<\/div>\n\t\t\t\t<\/div>\n\t\t\t\t<div class=\"elementor-element elementor-element-81966f3 elementor-widget elementor-widget-text-editor\" data-id=\"81966f3\" data-element_type=\"widget\" data-e-type=\"widget\" data-widget_type=\"text-editor.default\">\n\t\t\t\t<div class=\"elementor-widget-container\">\n\t\t\t\t\t\t\t\t\t<p>Elija una de nuestras deliciosas recetas a continuacio\u0301n:<\/p>\t\t\t\t\t\t\t\t<\/div>\n\t\t\t\t<\/div>\n\t\t\t\t<div class=\"elementor-element elementor-element-5ee8757 elementor-icon-list--layout-traditional elementor-list-item-link-full_width elementor-widget elementor-widget-icon-list\" data-id=\"5ee8757\" data-element_type=\"widget\" data-e-type=\"widget\" data-widget_type=\"icon-list.default\">\n\t\t\t\t<div class=\"elementor-widget-container\">\n\t\t\t\t\t\t\t<ul class=\"elementor-icon-list-items\">\n\t\t\t\t\t\t\t<li class=\"elementor-icon-list-item\">\n\t\t\t\t\t\t\t\t\t\t\t<a href=\"https:\/\/ivonpescaderia.com\/receta-atun-a-la-plancha-con-ajo-y-perejil\/\">\n\n\t\t\t\t\t\t\t\t\t\t\t\t<span class=\"elementor-icon-list-icon\">\n\t\t\t\t\t\t\t<i aria-hidden=\"true\" class=\"fas fa-circle\"><\/i>\t\t\t\t\t\t<\/span>\n\t\t\t\t\t\t\t\t\t\t<span class=\"elementor-icon-list-text\">Atu\u0301n a la plancha con ajo y perejil<\/span>\n\t\t\t\t\t\t\t\t\t\t\t<\/a>\n\t\t\t\t\t\t\t\t\t<\/li>\n\t\t\t\t\t\t\t\t<li class=\"elementor-icon-list-item\">\n\t\t\t\t\t\t\t\t\t\t\t<a href=\"https:\/\/ivonpescaderia.com\/receta-bacalao-rebozado-con-harina-y-cerveza\/\">\n\n\t\t\t\t\t\t\t\t\t\t\t\t<span class=\"elementor-icon-list-icon\">\n\t\t\t\t\t\t\t<i aria-hidden=\"true\" class=\"fas fa-circle\"><\/i>\t\t\t\t\t\t<\/span>\n\t\t\t\t\t\t\t\t\t\t<span class=\"elementor-icon-list-text\">Bacalao rebozado<\/span>\n\t\t\t\t\t\t\t\t\t\t\t<\/a>\n\t\t\t\t\t\t\t\t\t<\/li>\n\t\t\t\t\t\t\t\t<li class=\"elementor-icon-list-item\">\n\t\t\t\t\t\t\t\t\t\t\t<a href=\"https:\/\/ivonpescaderia.com\/receta-bolitas-de-pescado-caseras-para-ninos\/\">\n\n\t\t\t\t\t\t\t\t\t\t\t\t<span class=\"elementor-icon-list-icon\">\n\t\t\t\t\t\t\t<i aria-hidden=\"true\" class=\"fas fa-circle\"><\/i>\t\t\t\t\t\t<\/span>\n\t\t\t\t\t\t\t\t\t\t<span class=\"elementor-icon-list-text\">Bolitas de pescado caseras para nin\u0303os<\/span>\n\t\t\t\t\t\t\t\t\t\t\t<\/a>\n\t\t\t\t\t\t\t\t\t<\/li>\n\t\t\t\t\t\t<\/ul>\n\t\t\t\t\t\t<\/div>\n\t\t\t\t<\/div>\n\t\t\t\t<div class=\"elementor-element elementor-element-f9913b7 elementor-icon-list--layout-traditional elementor-list-item-link-full_width elementor-widget elementor-widget-icon-list\" data-id=\"f9913b7\" data-element_type=\"widget\" data-e-type=\"widget\" data-widget_type=\"icon-list.default\">\n\t\t\t\t<div class=\"elementor-widget-container\">\n\t\t\t\t\t\t\t<ul class=\"elementor-icon-list-items\">\n\t\t\t\t\t\t\t<li class=\"elementor-icon-list-item\">\n\t\t\t\t\t\t\t\t\t\t\t<a href=\"https:\/\/ivonpescaderia.com\/receta-dorada-a-la-bilbaina\/\">\n\n\t\t\t\t\t\t\t\t\t\t\t\t<span class=\"elementor-icon-list-icon\">\n\t\t\t\t\t\t\t<i aria-hidden=\"true\" class=\"fas fa-circle\"><\/i>\t\t\t\t\t\t<\/span>\n\t\t\t\t\t\t\t\t\t\t<span class=\"elementor-icon-list-text\">Dorada a la bilba\u00edna<\/span>\n\t\t\t\t\t\t\t\t\t\t\t<\/a>\n\t\t\t\t\t\t\t\t\t<\/li>\n\t\t\t\t\t\t<\/ul>\n\t\t\t\t\t\t<\/div>\n\t\t\t\t<\/div>\n\t\t\t\t<div class=\"elementor-element elementor-element-ccb18f3 elementor-icon-list--layout-traditional elementor-list-item-link-full_width elementor-widget elementor-widget-icon-list\" data-id=\"ccb18f3\" data-element_type=\"widget\" data-e-type=\"widget\" data-widget_type=\"icon-list.default\">\n\t\t\t\t<div class=\"elementor-widget-container\">\n\t\t\t\t\t\t\t<ul class=\"elementor-icon-list-items\">\n\t\t\t\t\t\t\t<li class=\"elementor-icon-list-item\">\n\t\t\t\t\t\t\t\t\t\t\t<a href=\"https:\/\/ivonpescaderia.com\/receta-lenguado-a-la-naranja\/\">\n\n\t\t\t\t\t\t\t\t\t\t\t\t<span class=\"elementor-icon-list-icon\">\n\t\t\t\t\t\t\t<i aria-hidden=\"true\" class=\"fas fa-circle\"><\/i>\t\t\t\t\t\t<\/span>\n\t\t\t\t\t\t\t\t\t\t<span class=\"elementor-icon-list-text\">Lenguado a la naranja<\/span>\n\t\t\t\t\t\t\t\t\t\t\t<\/a>\n\t\t\t\t\t\t\t\t\t<\/li>\n\t\t\t\t\t\t\t\t<li class=\"elementor-icon-list-item\">\n\t\t\t\t\t\t\t\t\t\t\t<a href=\"https:\/\/ivonpescaderia.com\/receta-lubina-a-la-espalda\/\">\n\n\t\t\t\t\t\t\t\t\t\t\t\t<span class=\"elementor-icon-list-icon\">\n\t\t\t\t\t\t\t<i aria-hidden=\"true\" class=\"fas fa-circle\"><\/i>\t\t\t\t\t\t<\/span>\n\t\t\t\t\t\t\t\t\t\t<span class=\"elementor-icon-list-text\">Lubina a la espalda<\/span>\n\t\t\t\t\t\t\t\t\t\t\t<\/a>\n\t\t\t\t\t\t\t\t\t<\/li>\n\t\t\t\t\t\t\t\t<li class=\"elementor-icon-list-item\">\n\t\t\t\t\t\t\t\t\t\t\t<a href=\"https:\/\/ivonpescaderia.com\/receta-lubina-a-la-plancha-en-salsa-vinagreta\/\">\n\n\t\t\t\t\t\t\t\t\t\t\t\t<span class=\"elementor-icon-list-icon\">\n\t\t\t\t\t\t\t<i aria-hidden=\"true\" class=\"fas fa-circle\"><\/i>\t\t\t\t\t\t<\/span>\n\t\t\t\t\t\t\t\t\t\t<span class=\"elementor-icon-list-text\">Lubina a la plancha<\/span>\n\t\t\t\t\t\t\t\t\t\t\t<\/a>\n\t\t\t\t\t\t\t\t\t<\/li>\n\t\t\t\t\t\t\t\t<li class=\"elementor-icon-list-item\">\n\t\t\t\t\t\t\t\t\t\t\t<a href=\"https:\/\/ivonpescaderia.com\/receta-tallarines-tipo-chinos-con-gambas\/\">\n\n\t\t\t\t\t\t\t\t\t\t\t\t<span class=\"elementor-icon-list-icon\">\n\t\t\t\t\t\t\t<i aria-hidden=\"true\" class=\"fas fa-circle\"><\/i>\t\t\t\t\t\t<\/span>\n\t\t\t\t\t\t\t\t\t\t<span class=\"elementor-icon-list-text\">Tallarines tipo chinos con gambas<\/span>\n\t\t\t\t\t\t\t\t\t\t\t<\/a>\n\t\t\t\t\t\t\t\t\t<\/li>\n\t\t\t\t\t\t\t\t<li class=\"elementor-icon-list-item\">\n\t\t\t\t\t\t\t\t\t\t\t<a href=\"https:\/\/ivonpescaderia.com\/receta-ajoarriero-a-la-navarra\/\">\n\n\t\t\t\t\t\t\t\t\t\t\t\t<span class=\"elementor-icon-list-icon\">\n\t\t\t\t\t\t\t<i aria-hidden=\"true\" class=\"fas fa-circle\"><\/i>\t\t\t\t\t\t<\/span>\n\t\t\t\t\t\t\t\t\t\t<span class=\"elementor-icon-list-text\">Ajoarriero a la Navarra<\/span>\n\t\t\t\t\t\t\t\t\t\t\t<\/a>\n\t\t\t\t\t\t\t\t\t<\/li>\n\t\t\t\t\t\t<\/ul>\n\t\t\t\t\t\t<\/div>\n\t\t\t\t<\/div>\n\t\t\t\t\t<\/div>\n\t\t<\/div>\n\t\t\t\t\t<\/div>\n\t\t<\/section>\n\t\t\t\t<section class=\"elementor-section elementor-top-section elementor-element elementor-element-9db44e5 elementor-section-boxed elementor-section-height-default elementor-section-height-default\" data-id=\"9db44e5\" data-element_type=\"section\" data-e-type=\"section\" data-settings=\"{&quot;background_background&quot;:&quot;classic&quot;}\">\n\t\t\t\t\t\t<div class=\"elementor-container elementor-column-gap-default\">\n\t\t\t\t\t<div class=\"elementor-column elementor-col-66 elementor-top-column elementor-element elementor-element-f454946\" data-id=\"f454946\" data-element_type=\"column\" data-e-type=\"column\">\n\t\t\t<div class=\"elementor-widget-wrap elementor-element-populated\">\n\t\t\t\t\t\t<div class=\"elementor-element elementor-element-398958a elementor-widget elementor-widget-heading\" data-id=\"398958a\" data-element_type=\"widget\" data-e-type=\"widget\" data-widget_type=\"heading.default\">\n\t\t\t\t<div class=\"elementor-widget-container\">\n\t\t\t\t\t<h2 class=\"elementor-heading-title elementor-size-default\">Dorada a la bilba\u00edna\n<\/h2>\t\t\t\t<\/div>\n\t\t\t\t<\/div>\n\t\t\t\t<div class=\"elementor-element elementor-element-8cd9868 elementor-widget elementor-widget-text-editor\" data-id=\"8cd9868\" data-element_type=\"widget\" data-e-type=\"widget\" data-widget_type=\"text-editor.default\">\n\t\t\t\t<div class=\"elementor-widget-container\">\n\t\t\t\t\t\t\t\t\t<p class=\"p1\"><span class=\"s1\">Si buscas una receta de pescado f\u00e1cil de hacer en casa, sin duda, \u00e9sta es una de las m\u00e1s sencillas y r\u00e1pidas. Adem\u00e1s, cuando cocinamos dorada, sabemos que estamos preparando un plato con muchos beneficios para nuestra salud. Como bien sabes, se trata de un pescado blanco rico en Omega 3, muy recomendable para mejorar nuestro sistema circulatorio. La receta que vamos a preparar, es adem\u00e1s muy completa puesto que lo vamos a acompa\u00f1ar de una guarnici\u00f3n de patatas y cebolla. Coge el delantal, enciende el horno y prepara esta deliciosa dorada a la bilba\u00edna. Una elaboraci\u00f3n tradicional que tendr\u00e1s lista en muy pocos minutos. Para ello, necesitar\u00e1s los siguientes ingredientes:<\/span><\/p>\t\t\t\t\t\t\t\t<\/div>\n\t\t\t\t<\/div>\n\t\t\t\t<div class=\"elementor-element elementor-element-69f0150 elementor-widget elementor-widget-heading\" data-id=\"69f0150\" data-element_type=\"widget\" data-e-type=\"widget\" data-widget_type=\"heading.default\">\n\t\t\t\t<div class=\"elementor-widget-container\">\n\t\t\t\t\t<h3 class=\"elementor-heading-title elementor-size-default\">Preparaci\u00f3n<\/h3>\t\t\t\t<\/div>\n\t\t\t\t<\/div>\n\t\t\t\t<div class=\"elementor-element elementor-element-0b71984 elementor-widget elementor-widget-text-editor\" data-id=\"0b71984\" data-element_type=\"widget\" data-e-type=\"widget\" data-widget_type=\"text-editor.default\">\n\t\t\t\t<div class=\"elementor-widget-container\">\n\t\t\t\t\t\t\t\t\t<p class=\"p1\"><span class=\"s1\">Para comenzar, vamos a preparar la guarnici\u00f3n de nuestra dorada a la bilba\u00edna. En una bandeja o fuente de horno, ponemos las patatas peladas y cortadas en rodajas y la cebolla en tiras finas. Salpimentamos. A\u00f1adimos un chorrito de aceite y el vino blanco y removemos para mezclar bien todos los ingredientes.<\/span><\/p><p class=\"p1\"><span class=\"s1\">Despu\u00e9s, colocamos la bandeja en el horno, previamente calentado a 180\u00baC, calor arriba y abajo. Dejamos que se cocine aqu\u00ed alrededor de unos 20 minutos.<\/span><\/p><p class=\"p1\"><span class=\"s1\">Pasado este tiempo, removemos todos los ingredientes de nuevo para evitar que se peguen. Corregimos de l\u00edquido y dejamos que se cocinen nuevamente otros 20 minutos m\u00e1s.<\/span><\/p><p class=\"p1\"><span class=\"s1\">Cuando las patatas y la cebolla est\u00e9n casi cocinadas, colocamos sobre ellas, la dorada previamente salpimentada y dejamos que se cocine todo alrededor de otros 20 minutos m\u00e1s. Retiramos la bandeja del horno.<\/span><\/p><p class=\"p1\"><span class=\"s1\">Finalmente, preparamos la salsa de la dorada a la bilba\u00edna. En una sart\u00e9n peque\u00f1a, ponemos un chorrete de aceite y lo calentamos a fuego medio. Cuando est\u00e9 caliente, a\u00f1adimos los ajos picados y las guindillas de cayena. Dejamos que todo se cocine aqu\u00ed entorno a 1 minuto. Hasta que el ajo coja color.<\/span><\/p><p class=\"p1\"><span class=\"s1\">A\u00f1adimos nuestra salsa la cucharadita de piment\u00f3n. Removemos bien para mezclar todos los ingredientes y retiramos la sart\u00e9n del fuego. Dejamos que el aceite tueste el piment\u00f3n durante 30 segundos. Pasado este tiempo, regamos el pescado con esta salsa, que adem\u00e1s de darle mucho sabor, terminar\u00e1 de cocinar nuestra dorada a la bilba\u00edna.<\/span><\/p>\t\t\t\t\t\t\t\t<\/div>\n\t\t\t\t<\/div>\n\t\t\t\t\t<\/div>\n\t\t<\/div>\n\t\t\t\t<div class=\"elementor-column elementor-col-33 elementor-top-column elementor-element elementor-element-c43144e\" data-id=\"c43144e\" data-element_type=\"column\" data-e-type=\"column\">\n\t\t\t<div class=\"elementor-widget-wrap elementor-element-populated\">\n\t\t\t\t\t\t<div class=\"elementor-element elementor-element-d5466b3 elementor-widget elementor-widget-image\" data-id=\"d5466b3\" data-element_type=\"widget\" data-e-type=\"widget\" data-widget_type=\"image.default\">\n\t\t\t\t<div class=\"elementor-widget-container\">\n\t\t\t\t\t\t\t\t\t\t\t\t\t\t\t<img decoding=\"async\" width=\"500\" height=\"173\" src=\"https:\/\/ivonpescaderia.com\/wp-content\/uploads\/2023\/03\/4.-Dorada.png\" class=\"attachment-large size-large wp-image-296\" alt=\"Receta Dorada a la bilba\u00edna\" srcset=\"https:\/\/ivonpescaderia.com\/wp-content\/uploads\/2023\/03\/4.-Dorada.png 500w, https:\/\/ivonpescaderia.com\/wp-content\/uploads\/2023\/03\/4.-Dorada-300x104.png 300w\" sizes=\"(max-width: 500px) 100vw, 500px\" \/>\t\t\t\t\t\t\t\t\t\t\t\t\t\t\t<\/div>\n\t\t\t\t<\/div>\n\t\t\t\t<div class=\"elementor-element elementor-element-5291c95 elementor-widget elementor-widget-heading\" data-id=\"5291c95\" data-element_type=\"widget\" data-e-type=\"widget\" data-widget_type=\"heading.default\">\n\t\t\t\t<div class=\"elementor-widget-container\">\n\t\t\t\t\t<h3 class=\"elementor-heading-title elementor-size-default\">Ingredientes<\/h3>\t\t\t\t<\/div>\n\t\t\t\t<\/div>\n\t\t\t\t<div class=\"elementor-element elementor-element-a7cc482 elementor-widget elementor-widget-text-editor\" data-id=\"a7cc482\" data-element_type=\"widget\" data-e-type=\"widget\" data-widget_type=\"text-editor.default\">\n\t\t\t\t<div class=\"elementor-widget-container\">\n\t\t\t\t\t\t\t\t\t<p>PARA 4 PERSONAS:<\/p><ul><li class=\"p1\"><span class=\"s1\">2 doradas fileteadas (p\u00eddelas as\u00ed en tu pescader\u00eda)<\/span><\/li><li class=\"p1\"><span class=\"s1\">4 patatas<\/span><\/li><li class=\"p1\"><span class=\"s1\">1 cebolla<\/span><\/li><li class=\"p1\"><span class=\"s1\">4 dientes de ajo<\/span><\/li><li class=\"p1\"><span class=\"s1\">4 guindillas de cayena<\/span><\/li><li class=\"p1\"><span class=\"s1\">100ml de vino blanco<\/span><\/li><li class=\"p1\"><span class=\"s1\">1 cucharada de piment\u00f3n de la vera<\/span><\/li><li class=\"p1\"><span class=\"s1\">Sal y pimienta<\/span><\/li><li class=\"p1\"><span class=\"s1\">Aceite de oliva<\/span><\/li><\/ul>\t\t\t\t\t\t\t\t<\/div>\n\t\t\t\t<\/div>\n\t\t\t\t\t<\/div>\n\t\t<\/div>\n\t\t\t\t\t<\/div>\n\t\t<\/section>\n\t\t\t\t<\/div>\n\t\t","protected":false},"excerpt":{"rendered":"<p>\u00bfQUE\u0301 VAMOS A COCINAR HOY? Elija una de nuestras deliciosas recetas a continuacio\u0301n: Atu\u0301n a la plancha con ajo y perejil Bacalao rebozado Bolitas de pescado caseras para nin\u0303os Dorada a la bilba\u00edna Lenguado a la naranja Lubina a la espalda Lubina a la plancha Tallarines tipo chinos con gambas Ajoarriero a la Navarra Dorada [&hellip;]<\/p>\n","protected":false},"author":1,"featured_media":0,"parent":0,"menu_order":0,"comment_status":"closed","ping_status":"closed","template":"","meta":{"footnotes":""},"class_list":["post-291","page","type-page","status-publish","hentry"],"_links":{"self":[{"href":"https:\/\/ivonpescaderia.com\/wp-json\/wp\/v2\/pages\/291","targetHints":{"allow":["GET"]}}],"collection":[{"href":"https:\/\/ivonpescaderia.com\/wp-json\/wp\/v2\/pages"}],"about":[{"href":"https:\/\/ivonpescaderia.com\/wp-json\/wp\/v2\/types\/page"}],"author":[{"embeddable":true,"href":"https:\/\/ivonpescaderia.com\/wp-json\/wp\/v2\/users\/1"}],"replies":[{"embeddable":true,"href":"https:\/\/ivonpescaderia.com\/wp-json\/wp\/v2\/comments?post=291"}],"version-history":[{"count":16,"href":"https:\/\/ivonpescaderia.com\/wp-json\/wp\/v2\/pages\/291\/revisions"}],"predecessor-version":[{"id":2804,"href":"https:\/\/ivonpescaderia.com\/wp-json\/wp\/v2\/pages\/291\/revisions\/2804"}],"wp:attachment":[{"href":"https:\/\/ivonpescaderia.com\/wp-json\/wp\/v2\/media?parent=291"}],"curies":[{"name":"wp","href":"https:\/\/api.w.org\/{rel}","templated":true}]}}